{"id":6,"date":"2020-06-04T08:45:09","date_gmt":"2020-06-04T08:45:09","guid":{"rendered":"http:\/\/sw-themes.com\/porto_dummy\/business-consulting2\/?page_id=6"},"modified":"2022-04-09T20:47:41","modified_gmt":"2022-04-09T20:47:41","slug":"hakkimda","status":"publish","type":"page","link":"https:\/\/profdrahmetkale.com\/index.php\/hakkimda\/","title":{"rendered":"Hakk\u0131mda"},"content":{"rendered":"<p>[vc_row wrap_container=&#8221;yes&#8221; el_class=&#8221;py-5&#8243;][vc_column][vc_column_text]<strong>Do\u011fum Tarihi:<\/strong>\u00a012.06.1974<br \/>\n<strong>Do\u011fum Yeri:<\/strong>\u00a0Adana<br \/>\n<strong>\u0130\u015f Adresi<\/strong>:Kartal Doktor L\u00fctf\u00fc K\u0131rdar E\u011fitim ve Ara\u015ft\u0131rma Hastanesi<br \/>\n<strong>E-mail:<\/strong>\u00a0<a href=\"http:\/\/web.archive.org\/web\/20200128165602\/mailto:ahmetkale5@gmail.com\">ahmetkale5@gmail.com<\/a>\u00a0;\u00a0<a href=\"http:\/\/web.archive.org\/web\/20200128165602\/mailto:ahmetkale5@yahoo.com\">ahmetkale5@yahoo.com<\/a><br \/>\n<strong>\u00d6\u011frenim Durumu:<\/strong>[\/vc_column_text][vc_row_inner][vc_column_inner offset=&#8221;vc_col-md-6&#8243;]<style>#porto-info-list36348048169e74a6c6c6a3 i { color: #e8465f;font-size: 14px; }<\/style><ul id=\"porto-info-list36348048169e74a6c6c6a3\" class=\"porto-info-list mb-4 pb-2\"><li class=\"porto-info-list-item\"><i class=\"porto-info-icon fas fa-check\"><\/i><div class=\"porto-info-list-item-desc\"><strong>Lisans :\u00a0<\/strong>Ankara \u00dcniversitesi T\u0131p Fak\u00fcltesi (1992-1998)<\/div><\/li><li class=\"porto-info-list-item\"><i class=\"porto-info-icon fas fa-check\"><\/i><div class=\"porto-info-list-item-desc\"><strong>T\u0131pta Uzmanl\u0131k:<\/strong>\u00a0Dicle \u00dcniversitesi T\u0131p Fak\u00fcltesi Kad\u0131n Hastal\u0131klar\u0131 ve Do\u011fum Anabilim Dal\u0131 (2000-2004)<\/div><\/li><li class=\"porto-info-list-item\"><i class=\"porto-info-icon fas fa-check\"><\/i><div class=\"porto-info-list-item-desc\"><strong>Uzman Doktor :\u00a0<\/strong>Dicle \u00dcniversitesi T\u0131p Fak\u00fcltesi Kad\u0131n Hastal\u0131klar\u0131 ve Do\u011fum Anabilim Dal\u0131 (2004-2006)<\/div><\/li><li class=\"porto-info-list-item\"><i class=\"porto-info-icon fas fa-check\"><\/i><div class=\"porto-info-list-item-desc\"><strong>Do\u00e7.Dr :\u00a0<\/strong>Dicle \u00dcniversitesi T\u0131p Fak\u00fcltesi Kad\u0131n Hastal\u0131klar\u0131 ve Do\u011fum Anabilim Dal\u0131 (2006-2010)<\/div><\/li><li class=\"porto-info-list-item\"><i class=\"porto-info-icon fas fa-check\"><\/i><div class=\"porto-info-list-item-desc\"><strong>Do\u00e7.Dr :\u00a0<\/strong>Dicle \u00dcniversitesi T\u0131p Fak\u00fcltesi Kad\u0131n Hastal\u0131klar\u0131 ve Do\u011fum Anabilim Dal\u0131 (2010)<\/div><\/li><li class=\"porto-info-list-item\"><i class=\"porto-info-icon fas fa-check\"><\/i><div class=\"porto-info-list-item-desc\"><strong>Do\u00e7.Dr :\u00a0<\/strong>Adana Numune E\u011fitim ve Ara\u015ft\u0131rma Hastanesi \u00a0(2010-2011)<\/div><\/li><li class=\"porto-info-list-item\"><i class=\"porto-info-icon fas fa-check\"><\/i><div class=\"porto-info-list-item-desc\"><strong>Do\u00e7.Dr :\u00a0<\/strong>Adana Numune E\u011fitim ve Ara\u015ft\u0131rma Hastanesi \u00a0(2010-2011)<\/div><\/li><li class=\"porto-info-list-item\"><i class=\"porto-info-icon fas fa-check\"><\/i><div class=\"porto-info-list-item-desc\"><strong>Prof .Dr :\u00a0<\/strong>Kocaeli Derince E\u011fitim ve Ara\u015ft\u0131rma Hastanesi E\u011fitim ve \u0130dari Sorumlu (2011- 2019)<\/div><\/li><li class=\"porto-info-list-item\"><i class=\"porto-info-icon fas fa-check\"><\/i><div class=\"porto-info-list-item-desc\">\n<div class=\"vc_row wpb_row row\">\n<div class=\"vc_column_container col-md-8\">\n<div class=\"wpb_wrapper vc_column-inner\">\n<div class=\"wpb_text_column wpb_content_element \">\n<div class=\"wpb_wrapper\">\n<p><strong>Prof .Dr :\u00a0<\/strong>Kartal Doktor L\u00fctf\u00fc K\u0131rdar E\u011fitim ve Ara\u015ft\u0131rma Hastanesi Klinik E\u011ft. ve \u0130dari Sorumlusu Kad\u0131n Hastal\u0131klar\u0131 ve Do\u011fum Klini\u011fi<\/p>\n<\/div>\n<\/div>\n<\/div>\n<\/div>\n<\/div>\n<p><\/div><\/li><\/ul>[\/vc_column_inner][vc_column_inner offset=&#8221;vc_col-md-6&#8243;][vc_single_image image=&#8221;415&#8243; img_size=&#8221;blog-masonry&#8221; el_class=&#8221;box-shadow-1 mt-4 mt-lg-0 ml-lg-3 p-3 mb-3&#8243;][\/vc_column_inner][\/vc_row_inner][vc_column_text]<\/p>\n<p style=\"text-align: justify;\"><strong>T\u0131pta Uzmanl\u0131k Tezi :<\/strong>\u00a0Prenatal Tan\u0131 Amac\u0131yla Amniosentez Uygulanan 544 Olgunun De\u011ferlendirilmesi. Dr.Ahmet Kale; Tez Y\u00f6neticisi: Do\u00e7.Dr.Ahmet Yal\u0131nkaya, Dicle \u00dcniversitesi T\u0131p Fak\u00fcltesi, 2004<\/p>\n<p style=\"text-align: justify;\"><strong>Y\u00f6netilen Doktora Tezleri:\u00a0<\/strong>Barut U, Mert,\u201cServiksin\u00a0 premalign\u00a0 ve\u00a0 malign\u00a0 lezyonlar\u0131n\u0131n\u00a0\u00a0 tan\u0131s\u0131nda smear, kolposkopi ve histopatoloji korelasyonu\u201d, Dicle \u00dcniversitesi, 2008<\/p>\n<p style=\"text-align: left;\"><strong>Bilimsel Kurulu\u015flara \u00dcyelikler :<\/strong><br \/>\nEndometriosis Adenomyosis Derne\u011fi<br \/>\nJinekolojik Endoskopi Derne\u011fi<br \/>\nT\u00fcrk Jinekolojik Onkoloji Derne\u011fi,<br \/>\nT\u00fcrk Jinekoloji ve Obstetrik Derne\u011fi<\/p>\n<p>[\/vc_column_text][\/vc_column][\/vc_row]<\/p>\n","protected":false},"excerpt":{"rendered":"<p>[vc_row wrap_container=&#8221;yes&#8221; el_class=&#8221;py-5&#8243;][vc_column][vc_column_text]Do\u011fum Tarihi:\u00a012.06.1974 Do\u011fum Yeri:\u00a0Adana \u0130\u015f Adresi:Kartal Doktor L\u00fctf\u00fc K\u0131rdar E\u011fitim ve Ara\u015ft\u0131rma Hastanesi E-mail:\u00a0ahmetkale5@gmail.com\u00a0;\u00a0ahmetkale5@yahoo.com \u00d6\u011frenim Durumu:[\/vc_column_text][vc_row_inner][vc_column_inner offset=&#8221;vc_col-md-6&#8243;][\/vc_column_inner][vc_column_inner offset=&#8221;vc_col-md-6&#8243;][vc_single_image image=&#8221;415&#8243; img_size=&#8221;blog-masonry&#8221; el_class=&#8221;box-shadow-1 mt-4 mt-lg-0 ml-lg-3 p-3 mb-3&#8243;][\/vc_column_inner][\/vc_row_inner][vc_column_text] T\u0131pta Uzmanl\u0131k Tezi :\u00a0Prenatal Tan\u0131 Amac\u0131yla Amniosentez Uygulanan 544 Olgunun De\u011ferlendirilmesi. Dr.Ahmet Kale; Tez Y\u00f6neticisi: Do\u00e7.Dr.Ahmet Yal\u0131nkaya, Dicle \u00dcniversitesi T\u0131p Fak\u00fcltesi, 2004 Y\u00f6netilen Doktora Tezleri:\u00a0Barut U, Mert,\u201cServiksin\u00a0 [&hellip;]<\/p>\n","protected":false},"author":1,"featured_media":0,"parent":0,"menu_order":0,"comment_status":"closed","ping_status":"closed","template":"","meta":{"footnotes":""},"class_list":["post-6","page","type-page","status-publish","hentry"],"_links":{"self":[{"href":"https:\/\/profdrahmetkale.com\/index.php\/wp-json\/wp\/v2\/pages\/6","targetHints":{"allow":["GET"]}}],"collection":[{"href":"https:\/\/profdrahmetkale.com\/index.php\/wp-json\/wp\/v2\/pages"}],"about":[{"href":"https:\/\/profdrahmetkale.com\/index.php\/wp-json\/wp\/v2\/types\/page"}],"author":[{"embeddable":true,"href":"https:\/\/profdrahmetkale.com\/index.php\/wp-json\/wp\/v2\/users\/1"}],"replies":[{"embeddable":true,"href":"https:\/\/profdrahmetkale.com\/index.php\/wp-json\/wp\/v2\/comments?post=6"}],"version-history":[{"count":3,"href":"https:\/\/profdrahmetkale.com\/index.php\/wp-json\/wp\/v2\/pages\/6\/revisions"}],"predecessor-version":[{"id":414,"href":"https:\/\/profdrahmetkale.com\/index.php\/wp-json\/wp\/v2\/pages\/6\/revisions\/414"}],"wp:attachment":[{"href":"https:\/\/profdrahmetkale.com\/index.php\/wp-json\/wp\/v2\/media?parent=6"}],"curies":[{"name":"wp","href":"https:\/\/api.w.org\/{rel}","templated":true}]}}