{"id":466,"date":"2022-04-10T22:58:43","date_gmt":"2022-04-10T22:58:43","guid":{"rendered":"https:\/\/demo.profdrahmetkale.com\/?page_id=466"},"modified":"2022-04-10T22:58:43","modified_gmt":"2022-04-10T22:58:43","slug":"gorevler","status":"publish","type":"page","link":"https:\/\/profdrahmetkale.com\/index.php\/gorevler\/","title":{"rendered":"G\u00f6revler"},"content":{"rendered":"<div class=\"vc_separator vc_text_separator vc_separator_align_justify vc_sep_width_100 vc_sep_pos_align_center\">\n<h4 style=\"text-align: justify;\">WORKSHOP D\u00dcZENLEME KOM\u0130TES\u0130 BA\u015eKANI OLARAK ALDI\u011eI G\u00d6REVLER<\/h4>\n<\/div>\n<div class=\"wpb_text_column wpb_content_element \" style=\"text-align: justify;\">\n<div class=\"wpb_wrapper\">\n<ol>\n<li>Kocaeli Derince E\u011fitim ve Ara\u015ft\u0131rma Hastanesi, 1. Jinekolojik Endoskopi Workshop D\u00fczenleme Komitesi Ba\u015fkan\u0131, 24.11.2012<\/li>\n<li>Kocaeli Derince E\u011fitim ve Ara\u015ft\u0131rma Hastanesi, 2. Jinekolojik Endoskopi Workshop D\u00fczenleme Komitesi Ba\u015fkan\u0131, 29-30 .05.2013<\/li>\n<li>Kocaeli Derince E\u011fitim ve Ara\u015ft\u0131rma Hastanesi, 3. Jinekolojik Endoskopi Workshop D\u00fczenleme Komitesi Ba\u015fkan\u0131, 19-20 .04.2014<\/li>\n<\/ol>\n<\/div>\n<\/div>\n<div class=\"vc_separator vc_text_separator vc_separator_align_justify vc_sep_width_100 vc_sep_pos_align_center\" style=\"text-align: justify;\">\n<h4>ULUSAL KONGRELERDE KONU\u015eMACI VE OTURUM BA\u015eKANI OLARAK ALDI\u011eIM G\u00d6REVLER<\/h4>\n<\/div>\n<div class=\"wpb_text_column wpb_content_element \" style=\"text-align: justify;\">\n<div class=\"wpb_wrapper\">\n<ol>\n<li>Ulusal Jinekoloji ve Obstetrik Kongresi,Konu\u015fmac\u0131, 05-09 ,Ekim,.2016.<\/li>\n<li>Minimal \u0130nvaziv Jinekoloji Toplant\u0131s\u0131. Ege \u00dcniversitesi T\u0131p Fak\u00fcltesi 2-4 Aral\u0131k 2016. Laparoskopide Enerji Modaliteleri; Konu\u015fmac\u0131<\/li>\n<li>Ac\u0131badem \u00dcniversitesi Atakent Hastanesi Jinekolojik Endoskopi Kursu, 8 Ocak 2016, \u0130leri D\u00fczey Laparoskopi Kursu ; Canl\u0131 Cerrahi Oturum Ba\u015fkanl\u0131\u011f\u0131<\/li>\n<li>Ba\u015fkent \u00dcniversitesi Jinekolojik Endoskopi Sempozyumu, Adana 2-4 Eyl\u00fcl 2016, Single Port Laparoskopik Cerrahi; Konu\u015fmac\u0131<\/li>\n<li>T\u00fcrk Jinekolojik Onkoloji Derne\u011fi Bat\u0131 Karadeniz \u00c7al\u0131\u015ftay ve Sempozyumu, 15-16 \u015eubat 2014, Oturum Ba\u015fkanl\u0131\u011f\u0131<\/li>\n<li>\u015ei\u015fli Kolan Internat\u0131onal Hospital; Jinekolojide Tart\u0131\u015fmal\u0131 Konular, 29 Ekim 2014, Oturum Ba\u015fkanl\u0131\u011f\u0131<\/li>\n<li>Kocaeli Derince E\u011fitim ve Ara\u015ft\u0131rma Hastanesi 1. Biyoistatistik ve Makale Yaz\u0131m Kursu, 24 Ocak 2015, Oturum Ba\u015fkanl\u0131\u011f\u0131<\/li>\n<li>Minimal \u0130nvaziv Jinekolojik Cerrahide Yenilikler \u00c7al\u0131\u015ftay\u0131, Adana Numune ve E\u011fitim ve Ara\u015ft\u0131rma Hastanesi, 23 Haziran 2011, Oturum Ba\u015fakanl\u0131\u011f\u0131<\/li>\n<li>Ulusal Kad\u0131n Hastal\u0131klar\u0131 ve Do\u011fum Kongresi, 20-22 Eyl\u00fcl 2012, Konu\u015fmac\u0131<\/li>\n<li>Ulusal \u00dcrojinekoloji Kongresi 23-26 Kas\u0131m 2013, Harbiye, \u0130stanbul Fist\u00fcl Olgular\u0131na Yakla\u015f\u0131m, Konu\u015fmac\u0131<\/li>\n<li>Ulusal Jinekoloji ve Obstetrik Kongresi , 15-19 May\u0131s 2014, Jinekolojide Single Port Operasyonlar; Konu\u015fmac\u0131<\/li>\n<li>Ac\u0131badem \u00dcniversitesi Atakent Hastanesi Jinekolojik Endoskopi Kursu, 29-30 Kas\u0131m 2014, \u00dcriner ve Gastrointestinal Komplikasyonlar ; \u00d6nlem ve Y\u00f6netim ;Konu\u015fmac\u0131<\/li>\n<li>Ulusal \u00dcrojinekoloji Kongresi, 14-17 Ekim 2015, Konu\u015fmac\u0131<\/li>\n<li>Anne \u00d6l\u00fcmlerini \u00d6nleme Sempozyumu, T.C. Adana Numune E\u011fitim ve Ara\u015ft\u0131rma Hastanesi, 24-25 May\u0131s 2015, Plasenta Dekolman\u0131 ve Plasenta Previa ile \u0130li\u015fkili Anne \u00d6l\u00fcmleri; Konu\u015fmac\u0131<\/li>\n<li>Jinekolojik Onkoloji Sempozyumu,19 Haziran 2015, T.C. Adana Numune E\u011fitim ve Ara\u015ft\u0131rma Hastanesi, Postmenopoza Kanamalara Yakla\u015f\u0131m, Konu\u015fmac\u0131<\/li>\n<li>Ulusal Jinekoloji ve Obstetrik Kongresi, 11-15 May\u0131s 2015, Single Port Laparoskopik Cerrahi<\/li>\n<\/ol>\n<\/div>\n<\/div>\n<div class=\"vc_separator vc_text_separator vc_separator_align_justify vc_sep_width_100 vc_sep_pos_align_center\" style=\"text-align: left;\">\n<h4>ULUSLARARASI KONGRELERDE KONU\u015eMACI OLARAK ALDI\u011eIM G\u00d6REVLER<\/h4>\n<\/div>\n<div class=\"wpb_text_column wpb_content_element \" style=\"text-align: justify;\">\n<div class=\"wpb_wrapper\">\n<ol>\n<li>ESGE 24. Y\u0131ll\u0131k Kongresi, 7-10 Ekim 2015, Syma Budape\u015fte, Uterine Artery Ligation Before TLH, Yurtd\u0131\u015f\u0131 Davetli Konu\u015fmac\u0131<\/li>\n<li>Annual Middle East Society for Gynecologic Endoscopy Congress (MESGE), 8-12 Nisan 2015, Konu\u015fmac\u0131<\/li>\n<\/ol>\n<\/div>\n<\/div>\n<div class=\"vc_separator vc_text_separator vc_separator_align_justify vc_sep_width_100 vc_sep_pos_align_center\" style=\"text-align: left;\">\n<h4>HAKEM OLARAK G\u00d6REVLER\u0130M<\/h4>\n<\/div>\n<div class=\"wpb_text_column wpb_content_element \">\n<div class=\"wpb_wrapper\">\n<ol>\n<li style=\"text-align: left;\">Ege T\u0131p Dergisi, Hakemlik<\/li>\n<\/ol>\n<\/div>\n<\/div>\n","protected":false},"excerpt":{"rendered":"<p>WORKSHOP D\u00dcZENLEME KOM\u0130TES\u0130 BA\u015eKANI OLARAK ALDI\u011eI G\u00d6REVLER Kocaeli Derince E\u011fitim ve Ara\u015ft\u0131rma Hastanesi, 1. Jinekolojik Endoskopi Workshop D\u00fczenleme Komitesi Ba\u015fkan\u0131, 24.11.2012 Kocaeli Derince E\u011fitim ve Ara\u015ft\u0131rma Hastanesi, 2. Jinekolojik Endoskopi Workshop D\u00fczenleme Komitesi Ba\u015fkan\u0131, 29-30 .05.2013 Kocaeli Derince E\u011fitim ve Ara\u015ft\u0131rma Hastanesi, 3. Jinekolojik Endoskopi Workshop D\u00fczenleme Komitesi Ba\u015fkan\u0131, 19-20 .04.2014 ULUSAL KONGRELERDE KONU\u015eMACI VE [&hellip;]<\/p>\n","protected":false},"author":1,"featured_media":0,"parent":0,"menu_order":0,"comment_status":"closed","ping_status":"closed","template":"","meta":{"footnotes":""},"class_list":["post-466","page","type-page","status-publish","hentry"],"_links":{"self":[{"href":"https:\/\/profdrahmetkale.com\/index.php\/wp-json\/wp\/v2\/pages\/466","targetHints":{"allow":["GET"]}}],"collection":[{"href":"https:\/\/profdrahmetkale.com\/index.php\/wp-json\/wp\/v2\/pages"}],"about":[{"href":"https:\/\/profdrahmetkale.com\/index.php\/wp-json\/wp\/v2\/types\/page"}],"author":[{"embeddable":true,"href":"https:\/\/profdrahmetkale.com\/index.php\/wp-json\/wp\/v2\/users\/1"}],"replies":[{"embeddable":true,"href":"https:\/\/profdrahmetkale.com\/index.php\/wp-json\/wp\/v2\/comments?post=466"}],"version-history":[{"count":1,"href":"https:\/\/profdrahmetkale.com\/index.php\/wp-json\/wp\/v2\/pages\/466\/revisions"}],"predecessor-version":[{"id":467,"href":"https:\/\/profdrahmetkale.com\/index.php\/wp-json\/wp\/v2\/pages\/466\/revisions\/467"}],"wp:attachment":[{"href":"https:\/\/profdrahmetkale.com\/index.php\/wp-json\/wp\/v2\/media?parent=466"}],"curies":[{"name":"wp","href":"https:\/\/api.w.org\/{rel}","templated":true}]}}