{"id":464,"date":"2022-04-10T22:56:53","date_gmt":"2022-04-10T22:56:53","guid":{"rendered":"https:\/\/demo.profdrahmetkale.com\/?page_id=464"},"modified":"2022-04-10T22:56:53","modified_gmt":"2022-04-10T22:56:53","slug":"kongreler-sempozyumlar","status":"publish","type":"page","link":"https:\/\/profdrahmetkale.com\/index.php\/kongreler-sempozyumlar\/","title":{"rendered":"Kongreler &#038; Sempozyumlar"},"content":{"rendered":"<div class=\"vc_separator vc_text_separator vc_separator_align_justify vc_sep_width_100 vc_sep_pos_align_center\">\n<h4 style=\"text-align: justify;\">E\u011e\u0130T\u0130C\u0130 OLARAK KATILDI\u011eIM KURS, SEMPOZYUM VE KONGRELER<\/h4>\n<\/div>\n<div class=\"wpb_text_column wpb_content_element \">\n<div class=\"wpb_wrapper\">\n<ol>\n<li style=\"text-align: justify;\">Ac\u0131badem \u00dcniversitesi Kerem Ayd\u0131nlar Kamp\u00fcs\u00fc, Klinik Sim\u00fclasyon ve ileri D\u00fczey Endoskopik Robotik Cerrahi E\u011fitim Merkezi (CASE), 16-17 \u015eubat 2017, Jinekolojik Laparoskopi Kadavra Kursunda E\u011fitmen<\/li>\n<li style=\"text-align: justify;\">Ulusal Jinekoloji ve Obstetrik Kongresi, TJOD-JED Laparoskopi ve Robotik Cerrahi Kursunda E\u011fitmen , 07.Ekim,.2016.<\/li>\n<li style=\"text-align: justify;\">Ulusal Jinekoloji ve Obstetrik Kongresi , JED Laparoskopik S\u00fct\u00fcr Kursu E\u011fitmen, 08 Ekim 2016<\/li>\n<li style=\"text-align: justify;\">Ba\u015fkent \u00dcniversitesi Jinekolojik Endoskopi Sempozyumu, Adana 2-4 Eyl\u00fcl 2016, Laparoskopik S\u00fct\u00fcr Teknikleri Kursu E\u011fitmen, Single Port Laparoskopik Cerrahi Konusunda E\u011fitmen<\/li>\n<li style=\"text-align: justify;\">Ac\u0131badem \u00dcniversitesi Atakent Hastanesi Jinekolojik Endoskopi Kursu, 8 Ocak 2016, Laparoskopik S\u00fct\u00fcr Kursu E\u011fitmen<\/li>\n<li style=\"text-align: justify;\">C. Sa\u011fl\u0131k Bakanl\u0131\u011f\u0131 T\u00fcrkiye Kamu Hastaneleri Kurumu Derince E\u011fitim ve Ara\u015ft\u0131rma Hastanesi ; AHMET KALE; SINGLE PORT LAPAROSKOPIK HISTEREKTOMI CERRAH\u0130 E\u011e\u0130T\u0130M CD\u2019S\u0130<\/li>\n<li style=\"text-align: justify;\">TJOD Ankara \u015eubesi JED Derne\u011fi Etlik Z\u00fcbeyde Han\u0131m E.A.H Orta \u0130leri D\u00fczey Laparoskopi Kursu 13-14 \u015eubat 2015, Tek \u0130nsizyondan Adneksiyel Kitle Cerrahisi Canl\u0131 Ameliyat<\/li>\n<li style=\"text-align: justify;\">Ulusal Jinekoloji ve Obstetrik Kongresi, 11-15 May\u0131s 2015, Laparoskopik S\u00fct\u00fcr Kursu E\u011fitmen<\/li>\n<li style=\"text-align: justify;\">Single Port Laparoskopik Cerrahi Kursu, Ac\u0131badem \u00dcniversitesi Atakent Hastanesinden \u0130nteraktif Canl\u0131 Cerrahi Yay\u0131n\u0131, 6 Eyl\u00fcl 2015<\/li>\n<li style=\"text-align: justify;\">Ac\u0131badem \u00dcniversitesi Atakent Hastanesi Jinekolojik Endoskopi Kursu, 2 May\u0131s 2015, Laparoskopik S\u00fct\u00fcr Kursu E\u011fitmen<\/li>\n<li style=\"text-align: justify;\">Ac\u0131badem \u00dcniversitesi Atakent Hastanesi Jinekolojik Endoskopi Kursu, 28 \u015eubat -1 Mart 2015, Laparoskopik S\u00fct\u00fcr Kursu E\u011fitmen ; Canl\u0131 Cerrahi Oturum Ba\u015fkan\u0131<\/li>\n<li style=\"text-align: justify;\">Ac\u0131badem \u00dcniversitesi Atakent Hastanesi Jinekolojik Endoskopi Kursu, 17-18 Ocak 2015, Laparoskopik S\u00fct\u00fcr Kursu E\u011fitmen ; Uzman Videolar\u0131 E\u011fitmen<\/li>\n<li style=\"text-align: justify;\">Ac\u0131badem \u00dcniversitesi Atakent Hastanesi Laparoskopik S\u00fct\u00fcr Teknikleri Kursu 20 \u015eubat 2015, Laparoskopik S\u00fct\u00fcr Kursu E\u011fitmen.<\/li>\n<\/ol>\n<\/div>\n<\/div>\n","protected":false},"excerpt":{"rendered":"<p>E\u011e\u0130T\u0130C\u0130 OLARAK KATILDI\u011eIM KURS, SEMPOZYUM VE KONGRELER Ac\u0131badem \u00dcniversitesi Kerem Ayd\u0131nlar Kamp\u00fcs\u00fc, Klinik Sim\u00fclasyon ve ileri D\u00fczey Endoskopik Robotik Cerrahi E\u011fitim Merkezi (CASE), 16-17 \u015eubat 2017, Jinekolojik Laparoskopi Kadavra Kursunda E\u011fitmen Ulusal Jinekoloji ve Obstetrik Kongresi, TJOD-JED Laparoskopi ve Robotik Cerrahi Kursunda E\u011fitmen , 07.Ekim,.2016. Ulusal Jinekoloji ve Obstetrik Kongresi , JED Laparoskopik S\u00fct\u00fcr Kursu [&hellip;]<\/p>\n","protected":false},"author":1,"featured_media":0,"parent":0,"menu_order":0,"comment_status":"closed","ping_status":"closed","template":"","meta":{"footnotes":""},"class_list":["post-464","page","type-page","status-publish","hentry"],"_links":{"self":[{"href":"https:\/\/profdrahmetkale.com\/index.php\/wp-json\/wp\/v2\/pages\/464","targetHints":{"allow":["GET"]}}],"collection":[{"href":"https:\/\/profdrahmetkale.com\/index.php\/wp-json\/wp\/v2\/pages"}],"about":[{"href":"https:\/\/profdrahmetkale.com\/index.php\/wp-json\/wp\/v2\/types\/page"}],"author":[{"embeddable":true,"href":"https:\/\/profdrahmetkale.com\/index.php\/wp-json\/wp\/v2\/users\/1"}],"replies":[{"embeddable":true,"href":"https:\/\/profdrahmetkale.com\/index.php\/wp-json\/wp\/v2\/comments?post=464"}],"version-history":[{"count":1,"href":"https:\/\/profdrahmetkale.com\/index.php\/wp-json\/wp\/v2\/pages\/464\/revisions"}],"predecessor-version":[{"id":465,"href":"https:\/\/profdrahmetkale.com\/index.php\/wp-json\/wp\/v2\/pages\/464\/revisions\/465"}],"wp:attachment":[{"href":"https:\/\/profdrahmetkale.com\/index.php\/wp-json\/wp\/v2\/media?parent=464"}],"curies":[{"name":"wp","href":"https:\/\/api.w.org\/{rel}","templated":true}]}}