{"id":462,"date":"2022-04-10T22:55:33","date_gmt":"2022-04-10T22:55:33","guid":{"rendered":"https:\/\/demo.profdrahmetkale.com\/?page_id=462"},"modified":"2022-04-10T22:55:33","modified_gmt":"2022-04-10T22:55:33","slug":"izsiz-kansiz-agrisiz-rahim-kist-ameliyati","status":"publish","type":"page","link":"https:\/\/profdrahmetkale.com\/index.php\/izsiz-kansiz-agrisiz-rahim-kist-ameliyati\/","title":{"rendered":"\u0130zsiz Kans\u0131z A\u011fr\u0131s\u0131z Rahim Kist Ameliyat\u0131"},"content":{"rendered":"<p style=\"text-align: justify;\">\u0130zsiz kans\u0131z rahim ameliyat\u0131 kad\u0131ndaki do\u011fal delikleri kullanarak kar\u0131n duvar\u0131nda hi\u00e7 bir ameliyat izi olmadan \u00f6zel aletler kullan\u0131larak vajinal yoldan t\u00fcm ameliyat s\u00fcrecinin tamamlanmas\u0131d\u0131r. T\u00fcm d\u00fcnyada say\u0131l\u0131 bir ka\u00e7 cerrah taraf\u0131ndan , T\u00fcrkiye de ise benim taraf\u0131mdan yap\u0131lan bir ameliyat tekni\u011fidir. Bu ameliyat tekni\u011finde hastalar ameliyat sonras\u0131 saatler i\u00e7erisinde hastaneden taburcu olup normal hayatlar\u0131na d\u00f6nerler ve ameliyat esnas\u0131nda kar\u0131n y\u00fczeyinde hi\u00e7 iz olmamas\u0131 da estetik kayg\u0131lar\u0131 olan hastalar i\u00e7in \u00f6nem arz etmektedir.<\/p>\n","protected":false},"excerpt":{"rendered":"<p>\u0130zsiz kans\u0131z rahim ameliyat\u0131 kad\u0131ndaki do\u011fal delikleri kullanarak kar\u0131n duvar\u0131nda hi\u00e7 bir ameliyat izi olmadan \u00f6zel aletler kullan\u0131larak vajinal yoldan t\u00fcm ameliyat s\u00fcrecinin tamamlanmas\u0131d\u0131r. T\u00fcm d\u00fcnyada say\u0131l\u0131 bir ka\u00e7 cerrah taraf\u0131ndan , T\u00fcrkiye de ise benim taraf\u0131mdan yap\u0131lan bir ameliyat tekni\u011fidir. Bu ameliyat tekni\u011finde hastalar ameliyat sonras\u0131 saatler i\u00e7erisinde hastaneden taburcu olup normal hayatlar\u0131na d\u00f6nerler [&hellip;]<\/p>\n","protected":false},"author":1,"featured_media":0,"parent":0,"menu_order":0,"comment_status":"closed","ping_status":"closed","template":"","meta":{"footnotes":""},"class_list":["post-462","page","type-page","status-publish","hentry"],"_links":{"self":[{"href":"https:\/\/profdrahmetkale.com\/index.php\/wp-json\/wp\/v2\/pages\/462","targetHints":{"allow":["GET"]}}],"collection":[{"href":"https:\/\/profdrahmetkale.com\/index.php\/wp-json\/wp\/v2\/pages"}],"about":[{"href":"https:\/\/profdrahmetkale.com\/index.php\/wp-json\/wp\/v2\/types\/page"}],"author":[{"embeddable":true,"href":"https:\/\/profdrahmetkale.com\/index.php\/wp-json\/wp\/v2\/users\/1"}],"replies":[{"embeddable":true,"href":"https:\/\/profdrahmetkale.com\/index.php\/wp-json\/wp\/v2\/comments?post=462"}],"version-history":[{"count":1,"href":"https:\/\/profdrahmetkale.com\/index.php\/wp-json\/wp\/v2\/pages\/462\/revisions"}],"predecessor-version":[{"id":463,"href":"https:\/\/profdrahmetkale.com\/index.php\/wp-json\/wp\/v2\/pages\/462\/revisions\/463"}],"wp:attachment":[{"href":"https:\/\/profdrahmetkale.com\/index.php\/wp-json\/wp\/v2\/media?parent=462"}],"curies":[{"name":"wp","href":"https:\/\/api.w.org\/{rel}","templated":true}]}}