{"id":460,"date":"2022-04-10T22:54:29","date_gmt":"2022-04-10T22:54:29","guid":{"rendered":"https:\/\/demo.profdrahmetkale.com\/?page_id=460"},"modified":"2022-04-10T22:54:29","modified_gmt":"2022-04-10T22:54:29","slug":"rahim-agzi-kanseri","status":"publish","type":"page","link":"https:\/\/profdrahmetkale.com\/index.php\/rahim-agzi-kanseri\/","title":{"rendered":"Rahim A\u011fz\u0131 Kanseri"},"content":{"rendered":"<h4 style=\"text-align: justify;\">Rahim A\u011fz\u0131 Kanseri Nedir?<\/h4>\n<p style=\"text-align: justify;\">Rahim a\u011fz\u0131 kanseri daha \u00e7ok geli\u015fmekte olan ve az geli\u015fmi\u015f \u00fclkelerde en s\u0131k g\u00f6r\u00fclen jinekolojik kanserdir. Her y\u0131l d\u00fcnyada 500 bin yeni rahim a\u011fz\u0131 kanseri tan\u0131s\u0131 konulmaktad\u0131r. Genellikle 50 ya\u015f civar\u0131nda ortaya \u00e7\u0131kan rahim a\u011fz\u0131 kanseri son y\u0131llarda gen\u00e7 kad\u0131nlarda da g\u00f6r\u00fclmeye ba\u015flam\u0131\u015ft\u0131r. Kad\u0131nlarda en \u00e7ok g\u00f6r\u00fclen kanser s\u0131ralamas\u0131nda meme kanseri ilk s\u0131rada yer almas\u0131na ra\u011fmen, ya\u015fam\u0131 tehdit edici \u00f6zelli\u011fi nedeniyle rahim a\u011fz\u0131 kanseri, meme kanserinin \u00f6n\u00fcne ge\u00e7mektedir.<\/p>\n<p style=\"text-align: justify;\">Rahim a\u011fz\u0131 kanserlerinin neredeyse t\u00fcm\u00fcnden sorumlu olan HPV (\u201cHuman Papilloma Vir\u00fcsler\u201d ) vir\u00fcs\u00fc \u00e7ok belirti g\u00f6stermez ve olduk\u00e7a bula\u015f\u0131c\u0131d\u0131r. \u00c7o\u011fu kad\u0131n, hayat\u0131n\u0131n bir d\u00f6neminde kar\u015f\u0131la\u015ft\u0131\u011f\u0131 HPV vir\u00fcs\u00fcn\u00fc kendi v\u00fccut savunma sisteminin yard\u0131m\u0131 ile yener. Baz\u0131 HPV vir\u00fcsleri ise bu savunma sisteminden g\u00fc\u00e7l\u00fc \u00e7\u0131kar ve rahim a\u011fz\u0131 kanserine neden olur. Hastal\u0131\u011fa neden olan HPV vir\u00fcs\u00fcnden korunmak i\u00e7in \u00f6nlemler almak ve d\u00fczenli sa\u011fl\u0131k kontrolleri yapt\u0131rmak, hastal\u0131\u011f\u0131n erken d\u00f6nemde saptanmas\u0131na ve tedavide ba\u015far\u0131ya yard\u0131mc\u0131 olmaktad\u0131r.<\/p>\n<h4 style=\"text-align: justify;\">HPV Nedir, Nas\u0131l Bula\u015f\u0131r?<\/h4>\n<p style=\"text-align: justify;\">HPV cinsel yolla bula\u015fan bir vir\u00fcs olup, rahim a\u011fz\u0131 kanseri olu\u015fmas\u0131na neden olabilir. Rahim a\u011fz\u0131 kanseri tan\u0131s\u0131 konmu\u015f kad\u0131nlar\u0131n %95\u2019inden fazlas\u0131nda g\u00f6r\u00fclen HPV (Human papilloma virus) genital b\u00f6lgeyi enfekte eden ve temas yolu ile yay\u0131lan bir vir\u00fcst\u00fcr. \u00d6zellikle kad\u0131nlarda daha s\u0131k olmak \u00fczere cinsel b\u00f6lgede si\u011fillere ve rahim a\u011fz\u0131n\u0131n, d\u0131\u015f genital b\u00f6lge ve \u00fcreme yollar\u0131nda kansere sebep olur. HPV vir\u00fcs\u00fc olduk\u00e7a sinsidir ve aylarca hi\u00e7bir belirti g\u00f6stermeden yay\u0131lmaya devam edebilir. Vir\u00fcs\u00fcn belirtilerine, bula\u015fma olduktan birka\u00e7 ay veya y\u0131l sonra rastland\u0131\u011f\u0131 durumlar \u201csessiz enfeksiyon\u201d olarak adland\u0131r\u0131l\u0131r.<\/p>\n<p style=\"text-align: justify;\">HPV vir\u00fcs\u00fc kad\u0131n ver erkekte genital si\u011filler, kad\u0131nlarda rahim a\u011fz\u0131 kanserininyan\u0131 s\u0131ra,erkeklerde de penis kanserine neden olabilir. Ciddiye al\u0131nmas\u0131 gereken bir enfeksiyon olan HPVbaz\u0131 ki\u015filerin ba\u011f\u0131\u015f\u0131kl\u0131k sistemi taraf\u0131ndan kontrol alt\u0131na al\u0131nabilir. Ba\u011f\u0131\u015f\u0131kl\u0131k sistemi taraf\u0131ndan etkisiz hale getirilemeyen bir vir\u00fcs\u00fcn de, y\u0131llarca hi\u00e7bir belirti vermeden varl\u0131\u011f\u0131n\u0131 koruyabilece\u011fini unutmamak gerekir. Hi\u00e7bir \u015fikayet olmadan, ki\u015fi y\u0131llarca enfeksiyonu ta\u015f\u0131yabilir. Bu durum, hastal\u0131\u011f\u0131n yay\u0131lmas\u0131na engel olmad\u0131\u011f\u0131 gibi, vir\u00fcs ili\u015fki s\u0131ras\u0131nda bula\u015fmaya devam edebilir.<\/p>\n<p style=\"text-align: justify;\">HPV vir\u00fcs\u00fc tipleri rahim a\u011fz\u0131 kanserine neden olma olas\u0131l\u0131\u011f\u0131na g\u00f6re risk gruplar\u0131na ayr\u0131lm\u0131\u015ft\u0131r. Daha \u00e7ok si\u011file yol a\u00e7an tipler, rahim a\u011fz\u0131 kanseri a\u00e7\u0131s\u0131ndan d\u00fc\u015f\u00fck risk grubunda olan t\u00fcrdendir. Dolay\u0131s\u0131yla her genital si\u011fil rahim a\u011fz\u0131 kanserine d\u00f6n\u00fc\u015fecek diye bir durum s\u00f6z konusu de\u011fildir.<\/p>\n<h4 style=\"text-align: justify;\">Genital Si\u011fil Tedavisi<\/h4>\n<p style=\"text-align: justify;\">HPV vir\u00fcs\u00fc enfeksiyonu sonucu olu\u015fan si\u011filler; yak\u0131larak, dondurularak, cerrahi ya da lokal kremler yard\u0131m\u0131yla tedavi edilebilir. Bu tedavi sonucu genital si\u011filin kaybolmas\u0131, bir daha ortaya \u00e7\u0131kmayaca\u011f\u0131 anlam\u0131na gelmez. Baz\u0131 ki\u015filerde tedavi sonras\u0131 genital si\u011filtekrarlamazken; baz\u0131lar\u0131nda s\u0131k aral\u0131klarda yeniden genital si\u011fil olu\u015fumu g\u00f6zlenebilir. Her yeni genital si\u011fil olu\u015fumunda tedavinin tekrarlanmas\u0131 gerekir. HPV vir\u00fcs\u00fc enfeksiyonlar\u0131nda, tedavi olmaks\u0131z\u0131n, ki\u015finin kendili\u011finden vir\u00fcs\u00fc v\u00fccudundan atabildi\u011fi bilinmektedir.<\/p>\n<h4 style=\"text-align: justify;\">Rahim A\u011fz\u0131 Kanseri Belirtileri<\/h4>\n<p style=\"text-align: justify;\">Rahim a\u011fz\u0131 kanserinin belirtileri erken d\u00f6nemde kendini g\u00f6stermeyebilir. \u00c7\u0131plak g\u00f6zle ya da ve jinekolojik muayenede rahim a\u011fz\u0131ndaki sorun g\u00f6r\u00fclmeyebilir. Smear testi denilen vajinal ak\u0131nt\u0131 ile ya da \u201ckolposkop\u201d denen rahim a\u011fz\u0131n\u0131 b\u00fcy\u00fcterek g\u00f6steren aletlerle de\u011fi\u015fiklikler fark edilebilir, kesin tan\u0131 ise \u015f\u00fcpheli b\u00f6lgeden al\u0131nan biyopsi ile konulabilir.<\/p>\n<p style=\"text-align: justify;\">Rahim a\u011fz\u0131 kanserinin belirtileri daha \u00e7ok hastal\u0131\u011f\u0131n ileri safhalar\u0131nda ortaya \u00e7\u0131kar. Kanl\u0131 ak\u0131nt\u0131, cinsel ili\u015fki sonras\u0131 kanama ve d\u00fczensiz adet kanamas\u0131 gibi belirtiler rahim a\u011fz\u0131 kanserinin belirtileri aras\u0131ndad\u0131r. \u0130lerlemi\u015f vakalarda muayene esnas\u0131nda bile t\u00fcm\u00f6r fark edilebilir. Rahim a\u011fz\u0131 kanseri ilerledik\u00e7e idrar problemleri, defekasyon zorluklar\u0131 ve bacak a\u011fr\u0131lar\u0131 g\u00f6r\u00fcl\u00fcr.<\/p>\n<p style=\"text-align: justify;\">Rahim a\u011fz\u0131 kanseri belirtilerinden biri olan cinsel ili\u015fkiden hemen sonra ya da ertesi g\u00fcn beklenmedik \u015fekilde olu\u015fan kanamalara \u201cpost koital kanama\u201d denir. Post koital kanama \u00f6nemli bir bulgudur ve rahim a\u011fz\u0131 kanserinin erken belirtisi olabilir.<\/p>\n<p style=\"text-align: justify;\">HPV\u2019nin neden oldu\u011fu genital si\u011filler rahim a\u011fz\u0131 kanseri belirtisi say\u0131lmazlar. \u00c7\u00fcnk\u00fc HPV\u2019nin baz\u0131 tipleri genital si\u011fillere neden olurken baz\u0131 tipleri ise kad\u0131nda rahim a\u011fz\u0131ndaki h\u00fccrelerde de\u011fi\u015fimlere neden olmaktad\u0131r. Ancak genital si\u011fillerin fark edilmesi ile detayl\u0131 bir muayene ve HPV tiplendirmesi mutlaka yap\u0131lmal\u0131d\u0131r. Ki\u015fide HPV enfeksiyonu olup olmad\u0131\u011f\u0131n\u0131 anlamak i\u00e7in vajinal s\u00fcr\u00fcnt\u00fcden ya da vir\u00fcs\u00fcn neden olabilece\u011fi d\u00fc\u015f\u00fcn\u00fclen, si\u011filin kendisinden \u00f6rnek al\u0131narak incelenir. Tetkik sonucuna g\u00f6re HPV enfeksiyonunun olup olmad\u0131\u011f\u0131, varsa tipi saptanabilmektedir.<\/p>\n<h4 style=\"text-align: justify;\">Rahim a\u011fz\u0131 kanseri belirtileri bu \u015fekilde \u00f6zetlenebilir;<\/h4>\n<p style=\"text-align: justify;\">Yorgunluk, bitkinlik<br \/>\nVajinadan idrar ve d\u0131\u015fk\u0131 ka\u00e7a\u011f\u0131<br \/>\nS\u0131rt a\u011fr\u0131s\u0131<br \/>\nBacak a\u011fr\u0131s\u0131<br \/>\n\u0130\u015ftah kayb\u0131<br \/>\nPelvik a\u011fr\u0131<br \/>\n\u015ei\u015fmi\u015f ayaklar<br \/>\nKilo kayb\u0131<br \/>\nKemik a\u011fr\u0131s\u0131 ve k\u0131r\u0131klar<br \/>\nRahim A\u011fz\u0131 Kanseri Te\u015fhisi<br \/>\nRahim a\u011fz\u0131 kanseri erken d\u00f6nemde belirti veren \u00f6zelli\u011finin yan\u0131nda, tan\u0131s\u0131 jinekolojik muayene ve \u201cSmear Testi\u201d ile rahatl\u0131kla konulabilmektedir. Erken evrede yakalan\u0131p tedavi edildi\u011finde ba\u015far\u0131 oran\u0131 %80-85 olan rahim a\u011fz\u0131 kanserinde biyopsi de hastal\u0131\u011f\u0131n tan\u0131s\u0131nda ve doru bir tedavi plan\u0131 i\u00e7in \u00e7ok \u00f6nemlidir.<\/p>\n<p style=\"text-align: justify;\">Rahim a\u011fz\u0131 kanserinde ilk ad\u0131m kanser te\u015fhisi ve kanserin hangi evrede oldu\u011funu belirlemektir. Bu nedenle rahim a\u011fz\u0131ndan biyopsi al\u0131n\u0131r ve kanser evrelemesi yap\u0131l\u0131r. Rahim a\u011fz\u0131 kanseri evrelemesi, kanserin v\u00fccuttaki yay\u0131l\u0131m\u0131na g\u00f6re tan\u0131mlan\u0131r. Evreleme radyolojik \u00e7al\u0131\u015fma ve olas\u0131 di\u011fer tan\u0131sal testlere ek olarak pelvik ve rektal muayeneye dayan\u0131r. Smear ve biyopsi d\u0131\u015f\u0131nda rahim a\u011fz\u0131 kanseri tan\u0131s\u0131nda bu testler kullan\u0131l\u0131r;<\/p>\n<h4 style=\"text-align: justify;\">Rahim A\u011fz\u0131 Kanseri Tedavisi<\/h4>\n<p style=\"text-align: justify;\">HPV vir\u00fcs\u00fc enfeksiyonu sonucu olu\u015fan genital si\u011filler ise yak\u0131larak, dondurularak, cerrahi ya da lokal kremler yard\u0131m\u0131yla tedavi edilebilir. Bu tedavi sonucu si\u011filin kaybolmas\u0131, bir daha ortaya \u00e7\u0131kmayaca\u011f\u0131 anlam\u0131na gelmez. Baz\u0131 ki\u015filerde tedavi sonras\u0131 si\u011fil tekrarlamazken; baz\u0131lar\u0131nda s\u0131k aral\u0131klarda yeniden si\u011fil olu\u015fumu g\u00f6zlenebilir. Her yeni si\u011fil olu\u015fumunda tedavinin tekrarlanmas\u0131 gerekir. Genital si\u011fillerin tekrarlama riski ba\u011f\u0131\u015f\u0131kl\u0131k sisteminin ne kadar g\u00fc\u00e7l\u00fc olup olmad\u0131\u011f\u0131 ile ba\u011flant\u0131l\u0131d\u0131r. HPV vir\u00fcs\u00fc enfeksiyonlar\u0131nda, tedavi olmaks\u0131z\u0131n, ki\u015finin kendili\u011finden vir\u00fcs\u00fc v\u00fccudundan atabildi\u011fi bilinmektedir.<\/p>\n<p style=\"text-align: justify;\">Rahim a\u011fz\u0131 kanseri tedavisi 4 ayr\u0131 y\u00f6ntem ile ger\u00e7ekle\u015ftirilir. Bunlar cerrahi m\u00fcdahale, radyoterapi, hormon tedavisi ve kemoterapidir. Vir\u00fcs\u00fcn dokunun derinli\u011fine ge\u00e7mediyse rahim a\u011fz\u0131nda tuttu\u011fu b\u00f6lge kolposkopi ile belirlenebilir. B\u00f6lgenin cerrahi y\u00f6ntemle al\u0131nmas\u0131 ile kanserle\u015febilecek alan ortadan kald\u0131r\u0131larak, hastada yu\u0308ksek oranda iyile\u015fme sa\u011flan\u0131r. Basit bir cerrahi i\u015flemle hasta ayn\u0131 g\u00fcn taburcu edilebilir. E\u011fer kanser invaziv hale gelmi\u015fse yani doku derinlerine kadar inmi\u015fse iki tedavi se\u00e7ene\u011fi vard\u0131r. Bu durumda geni\u015f kapsaml\u0131 ve uzun zaman alacak zor bir ameliyat olan \u201cradikal histerektomi\u201d yap\u0131l\u0131r. Ayn\u0131 zamanda kanser h\u00fccreleri pelvik b\u00f6lgedeki lenf bezlerini tuttu\u011fu i\u00e7in onlar da \u00e7\u0131kar\u0131l\u0131r. Alternatifi ise kemo-radyoterapi; kemoterapi ilac\u0131yla o b\u00f6lgedeki kanser h\u00fccreleri \u0131\u015f\u0131na kar\u015f\u0131 duyarl\u0131la\u015ft\u0131r\u0131l\u0131r, akabinde hastaya radyoterapi uygulan\u0131r ve takibe devam edilir. E\u011fer ge\u00e7 evredeyse cerrahi ya da kemoterapi ya da radyoterapi fark etmeksizin sa\u011f kal\u0131m oranlar\u0131 belirli oranda olur.<\/p>\n","protected":false},"excerpt":{"rendered":"<p>Rahim A\u011fz\u0131 Kanseri Nedir? Rahim a\u011fz\u0131 kanseri daha \u00e7ok geli\u015fmekte olan ve az geli\u015fmi\u015f \u00fclkelerde en s\u0131k g\u00f6r\u00fclen jinekolojik kanserdir. Her y\u0131l d\u00fcnyada 500 bin yeni rahim a\u011fz\u0131 kanseri tan\u0131s\u0131 konulmaktad\u0131r. Genellikle 50 ya\u015f civar\u0131nda ortaya \u00e7\u0131kan rahim a\u011fz\u0131 kanseri son y\u0131llarda gen\u00e7 kad\u0131nlarda da g\u00f6r\u00fclmeye ba\u015flam\u0131\u015ft\u0131r. Kad\u0131nlarda en \u00e7ok g\u00f6r\u00fclen kanser s\u0131ralamas\u0131nda meme kanseri [&hellip;]<\/p>\n","protected":false},"author":1,"featured_media":0,"parent":0,"menu_order":0,"comment_status":"closed","ping_status":"closed","template":"","meta":{"footnotes":""},"class_list":["post-460","page","type-page","status-publish","hentry"],"_links":{"self":[{"href":"https:\/\/profdrahmetkale.com\/index.php\/wp-json\/wp\/v2\/pages\/460","targetHints":{"allow":["GET"]}}],"collection":[{"href":"https:\/\/profdrahmetkale.com\/index.php\/wp-json\/wp\/v2\/pages"}],"about":[{"href":"https:\/\/profdrahmetkale.com\/index.php\/wp-json\/wp\/v2\/types\/page"}],"author":[{"embeddable":true,"href":"https:\/\/profdrahmetkale.com\/index.php\/wp-json\/wp\/v2\/users\/1"}],"replies":[{"embeddable":true,"href":"https:\/\/profdrahmetkale.com\/index.php\/wp-json\/wp\/v2\/comments?post=460"}],"version-history":[{"count":1,"href":"https:\/\/profdrahmetkale.com\/index.php\/wp-json\/wp\/v2\/pages\/460\/revisions"}],"predecessor-version":[{"id":461,"href":"https:\/\/profdrahmetkale.com\/index.php\/wp-json\/wp\/v2\/pages\/460\/revisions\/461"}],"wp:attachment":[{"href":"https:\/\/profdrahmetkale.com\/index.php\/wp-json\/wp\/v2\/media?parent=460"}],"curies":[{"name":"wp","href":"https:\/\/api.w.org\/{rel}","templated":true}]}}