{"id":458,"date":"2022-04-10T22:52:41","date_gmt":"2022-04-10T22:52:41","guid":{"rendered":"https:\/\/demo.profdrahmetkale.com\/?page_id=458"},"modified":"2022-04-10T22:52:41","modified_gmt":"2022-04-10T22:52:41","slug":"yumurtalik-kanseri","status":"publish","type":"page","link":"https:\/\/profdrahmetkale.com\/index.php\/yumurtalik-kanseri\/","title":{"rendered":"Yumurtal\u0131k Kanseri"},"content":{"rendered":"<h4 style=\"text-align: justify;\"><strong>Yumurtal\u0131k( Over) Kanseri Nedir?<\/strong><\/h4>\n<p style=\"text-align: justify;\">Dokusunda pek \u00e7ok farkl\u0131 h\u00fccre bulunan yumurtal\u0131klar\u0131n ana yap\u0131s\u0131n\u0131 epitelyum h\u00fccreler olu\u015fturur. Epitel h\u00fccrelerde ya da embriyonik d\u00f6neme ait h\u00fccrelerde meydana gelen kontrols\u00fcz b\u00f6l\u00fcnme ve \u00e7o\u011falma sonucunda yumurtal\u0131k kanseri olu\u015fabilir. Daha \u00e7ok menopoz sonras\u0131 g\u00f6r\u00fclen yumurtal\u0131k kanserlerinin y\u00fczde 80\u2019i epitelyum dokuda olu\u015fur. 20 ya\u015f\u0131n alt\u0131nda g\u00f6r\u00fclen yumurtal\u0131k kanserlerinin y\u00fczde 60\u2019\u0131nda ise embriyonik t\u00fcm\u00f6rler g\u00f6r\u00fclmektedir.<\/p>\n<h4 style=\"text-align: justify;\">Yumurtal\u0131k (Over) Kanseri Nedenleri<\/h4>\n<p style=\"text-align: justify;\">Yumurtal\u0131k kanseri nedenleri \u00e7ok net bilinmese de baz\u0131 risk fakt\u00f6rlerinin bu hastal\u0131\u011fa neden oldu\u011fundan bahsedilebilir. Genetik, \u00e7evresel ve hormonal fakt\u00f6rler yumurtal\u0131k kanserleri nedenleri aras\u0131nda g\u00f6sterilebilir. Yumurtal\u0131k kanseri nedenlerini \u015f\u00f6yle s\u0131ralayabiliriz;<\/p>\n<ul style=\"text-align: justify;\">\n<li>Ailesinde meme ya da yumurtal\u0131k kanseri olanlarda risk artar.<\/li>\n<li>Son y\u0131llarda baz\u0131 genlerdeki de\u011fi\u015fiklikler yumurtal\u0131k kanseri riskinin armas\u0131na neden olmu\u015ftur.<\/li>\n<li>Yumurtlamay\u0131 art\u0131r\u0131c\u0131 ila\u00e7 kullananlarda over kanseri riski artar.<\/li>\n<li>Do\u011fum kontrol hap\u0131 kullan\u0131m\u0131 yumurtal\u0131k kanseri riskini azalt\u0131r.<\/li>\n<li>Yumurtal\u0131k kanseri riski hi\u00e7 gebe kalmam\u0131\u015flarda daha y\u00fcksektir. Do\u011fum yapanlarda risk azal\u0131r.<\/li>\n<li>Yumurtal\u0131k (Over) Kanseri Belirtileri<\/li>\n<li>Yumurtal\u0131k kanseri belirtileri \u00e7o\u011funlukla kendini \u00e7ok g\u00f6stermez. Yumurtal\u0131k kanseri ile ilgili belirtilerin \u00e7o\u011fu hastaya \u00f6zel olmakla beraber tipik bir bulgusu yoktur.<\/li>\n<li>Yumurtal\u0131k kanseri belirtileri olarak, pek \u00e7ok hastal\u0131k belirtisi olarak da s\u00f6ylenebilecek; kar\u0131n a\u011fr\u0131s\u0131, \u015fi\u015fkinlik ve mide rahats\u0131zl\u0131klar\u0131 s\u0131ralanabilir.<\/li>\n<\/ul>\n<p style=\"text-align: justify;\">Yumurtal\u0131k kanserinin ileri safhalar\u0131nda ise kar\u0131nda ele gelen kitle, a\u015fa\u011f\u0131 do\u011fru bas\u0131n\u00e7 hissi, kar\u0131nda s\u0131v\u0131 birikmesi, kar\u0131n \u015fi\u015fli\u011fi, \u00e7evredeki organlara bas\u0131 yapmas\u0131na ba\u011fl\u0131 olarak idrar ve ba\u011f\u0131rsak \u015fikayetleri g\u00f6r\u00fcl\u00fcr.<\/p>\n<p style=\"text-align: justify;\">Yumurtal\u0131k kanserinin baz\u0131 t\u00fcrlerinde hormon d\u00fczensizlikleri g\u00f6r\u00fclebilir. Buna ba\u011fl\u0131 olarak adet d\u00fczensizlikleri, erkeklik hormonu salg\u0131s\u0131n\u0131n artmas\u0131yla t\u00fcylenme, erkek tipi sa\u00e7 d\u00f6k\u00fclmesi g\u00f6r\u00fclebilir. \u00c7o\u011fu yumurtal\u0131k kanseri \u015fikayeti ise kar\u0131n \u015fi\u015fli\u011fi \u00fczerinedir.<\/p>\n<h4 style=\"text-align: justify;\">Genel olarak g\u00f6r\u00fclen yumurtal\u0131k kanseri belirtilerini \u015f\u00f6yle s\u0131ralayabiliriz;<\/h4>\n<p style=\"text-align: justify;\">Ba\u011f\u0131rsak al\u0131\u015fkanl\u0131klar\u0131nda de\u011fi\u015fiklik, \u00f6zellikle kab\u0131zl\u0131\u011f\u0131n ortaya \u00e7\u0131kmas\u0131,<br \/>\nMesane al\u0131\u015fkanl\u0131klar\u0131nda de\u011fi\u015fiklik, s\u0131k s\u0131k idrara \u00e7\u0131kma ihtiyac\u0131,<br \/>\n\u0130\u015ftah kayb\u0131 veya h\u0131zl\u0131 bir \u015fekilde tokluk hissi,<br \/>\nVajinal kanama,<br \/>\nKilo kayb\u0131,<br \/>\nKar\u0131nda bas\u0131n\u00e7 hissi ve \u015fi\u015fkinlik,<br \/>\nKas\u0131kta dolgunluk veya a\u011fr\u0131,<br \/>\nUzun s\u00fcreli haz\u0131ms\u0131zl\u0131k, gaz veya bulant\u0131.<br \/>\nYumurtal\u0131k Kanseri Tan\u0131s\u0131<br \/>\nYumurtal\u0131k kanserinin erken tan\u0131s\u0131 di\u011fer t\u00fcm kanserlerde oldu\u011fu gibi \u00e7ok \u00f6nemlidir. Erken tan\u0131 i\u00e7in kad\u0131nlar\u0131n y\u0131ll\u0131k rutin jinekolojik kontrollerini aksatmamalar\u0131 \u00f6nerilir. Jinekoloji muayenede ele gelen kitle ya da ultrason esnas\u0131nda yumurtal\u0131klarda g\u00f6r\u00fclen kitleler kansere erken m\u00fcdahale etme \u015fans\u0131 verir.<\/p>\n<p style=\"text-align: left;\">Yumurtal\u0131klardaki her kist kanser anlam\u0131na gelmez. \u00d6zellikle \u00fcreme \u00e7a\u011f\u0131ndaki kad\u0131nlarda g\u00f6r\u00fclen kistlerin \u00e7o\u011fu basit ve zarars\u0131z kistlerdir. Zamanla kendi kendine kaybolan bu kistler kanser riski ta\u015f\u0131maz. Bu nedenle uzman doktor taraf\u0131ndan ultrasonda izlenen kistlerin zararl\u0131 m\u0131 yoksa v\u00fccut i\u00e7in herhangi bir olumsuzluk i\u00e7ermeyen \u00f6zellikte mi oldu\u011fu tespit edilmektedir. Bunun yan\u0131nda menopozdaki kad\u0131nlarda ve adet g\u00f6rme \u00f6ncesi gen\u00e7 k\u0131zlardaki her t\u00fcrl\u00fc kist, t\u00fcm\u00f6r riskine a\u00e7\u0131kt\u0131r. Bu a\u00e7\u0131dan mutlaka de\u011ferlendirilmelidir.<\/p>\n<p style=\"text-align: left;\">T\u00fcm\u00f6r \u00f6zelli\u011fi bulunan yumurtal\u0131k kisti ve kitlelerinin ileri safhalar\u0131nda, kanda t\u00fcm\u00f6r belirte\u00e7lerine bak\u0131l\u0131r. Baz\u0131 t\u00fcm\u00f6r belirte\u00e7leri (\u00f6zellikle CA 125) baz\u0131 over t\u00fcm\u00f6r\u00fc tiplerinde y\u00fcksek bulunur. Ancak, CA125 ve di\u011fer t\u00fcm\u00f6r belirte\u00e7lerinin y\u00fcksekli\u011fi her zaman kitlenin kanser oldu\u011funu g\u00f6stermeyece\u011fi gibi t\u00fcm\u00f6r belirte\u00e7lerinin d\u00fc\u015f\u00fck olmas\u0131 da kanseri ekarte etmez. T\u00fcm\u00f6r belirte\u00e7leri d\u0131\u015f\u0131nda doppler ultrasonografi de kan ak\u0131m de\u011fi\u015fikliklerini g\u00f6stererek iyi huylu ve k\u00f6t\u00fc huylu t\u00fcm\u00f6r ay\u0131r\u0131m\u0131nda yard\u0131mc\u0131 olabilir. T\u00fcm bu y\u00f6ntemler yard\u0131mc\u0131 y\u00f6ntemlerdir. Hi\u00e7 biri kesin tan\u0131 koymak i\u00e7in yeterli de\u011fildir. T\u00fcm\u00f6ral oldu\u011fu d\u00fc\u015f\u00fcn\u00fclen (ister iyi huylu ister k\u00f6t\u00fc huylu olsun) kist ve kitleler ile ay\u0131r\u0131m yap\u0131lamayan olgularda cerrahi yapmak ve ameliyat s\u0131ras\u0131nda patolojik \u00f6rnek biyopsi almak kesin tan\u0131 konulmas\u0131n\u0131 sa\u011flar.<\/p>\n<p style=\"text-align: justify;\">Kist varl\u0131\u011f\u0131nda t\u00fcm\u00f6r belirte\u00e7leri ve doppler incelemeleri normal ise ultrason ve muayene ile t\u00fcmoral oldu\u011funu d\u00fc\u015f\u00fcnd\u00fcren hi\u00e7 bir bulgu yoksa ve kist 8 cm\u2019den k\u00fc\u00e7\u00fck ise bir s\u00fcre takip edilebilir. Takip s\u0131ras\u0131nda k\u00fc\u00e7\u00fclme veya kaybolma olmuyorsa ameliyat yap\u0131lmas\u0131 tercih edilir.<\/p>\n<h4 style=\"text-align: justify;\">Yumurtal\u0131k Kanserinde Erken Te\u015fhis<\/h4>\n<p style=\"text-align: justify;\">Yumurtal\u0131k kanserinin tedaviye verece\u011fi yan\u0131t, t\u00fcm\u00f6r\u00fcn ne kadar yay\u0131ld\u0131\u011f\u0131 ile do\u011frudan ili\u015fkilidir. Yumurtal\u0131k kanseri erken d\u00f6nemde te\u015fhis edildi\u011finde ve uygun tedaviler ile y\u00fczde 80-90 oran\u0131nda ortadan kald\u0131r\u0131labilir. \u0130leri evrede te\u015fhis edilen yumurtal\u0131k kanserlerinde iyile\u015fme oran\u0131 y\u00fczde 40-50\u2019dir. Yumurtal\u0131k kanseri ameliyat\u0131 ve kemoterapi sonras\u0131nda hastal\u0131\u011f\u0131n tekrar etme olas\u0131l\u0131\u011f\u0131na kar\u015f\u0131 d\u00fczenli olarak kontrol edilmelidir.<\/p>\n<h4 style=\"text-align: justify;\">Yumurtal\u0131k Kanseri Tedavisi<\/h4>\n<p style=\"text-align: justify;\">Yumurtal\u0131k kanseri tedavisi cerrahi olup, sadece rahim ve yumurtal\u0131klar de\u011fil, v\u00fccutta tutulmas\u0131 muhtemel olan t\u00fcm dokular al\u0131n\u0131r. Cerrahi tedaviden sonra ise kemoterapi uygulan\u0131r. Yumurtal\u0131k kanserinde t\u00fcm evrelerde cerrahi y\u00f6nteme ba\u015fvurulur. Yumurtal\u0131k kanseri tedavisinde kitlenin \u00e7\u0131kar\u0131lmas\u0131 hayati organlara zarar verme riski ta\u015f\u0131yorsa \u00f6nce kemoterapi ile kitlenin k\u00fc\u00e7\u00fclt\u00fclmesi hedeflenir. Ard\u0131ndan cerrahi y\u00f6ntem ilke kanserli kitle ve dokulara m\u00fcdahale edilir. Yumurtal\u0131k kanseri ameliyat\u0131 sonras\u0131nda e\u011fer kanser v\u00fccuda yay\u0131l\u0131m g\u00f6stermiyorsa kemoterapiye gerek kalmayabilir. E\u011fer yumurtal\u0131k kanseri yay\u0131lma g\u00f6steriyorsa kemoterapi ya da radyoterapi uygulanmal\u0131d\u0131r. Kemoterapi hastal\u0131\u011f\u0131n evresine g\u00f6re de\u011fi\u015fmek ile beraber operasyon sonras\u0131 6-9 k\u00fcr uygulanmaktad\u0131r.<\/p>\n<p style=\"text-align: justify;\">Yumurtal\u0131k kanserinde yeni tedavi alternatifleri art\u0131k \u00fclkemizde de s\u0131kl\u0131kla uygulanmaya ba\u015flam\u0131\u015ft\u0131r. Hedefe y\u00f6nelik ajanlar ile uygulanan tedaviler k\u00fcr olas\u0131l\u0131\u011f\u0131n\u0131 artt\u0131rmakta, hayatta kalma s\u00fcresini uzatmakta ve \u00f6nemli bir semptomatik rahatlama sa\u011flamaktad\u0131r. Yumurtal\u0131k kanserlerinin tedavisinde \u00fcremenin korunmas\u0131na, olduk\u00e7a \u00f6zen g\u00f6sterilmektedir. \u00d6zellikle erken ya\u015fta g\u00f6r\u00fclen germ h\u00fccreli yumurtal\u0131k kanserleri ve borderline tip yumurtal\u0131k kanserlerinde sadece kanserli doku veya kanserli yumurtal\u0131k \u00e7\u0131kar\u0131l\u0131p, rahim ve kar\u015f\u0131 yumurtal\u0131k korunarak gebe kalmak m\u00fcmk\u00fcn hale getirilir.<\/p>\n","protected":false},"excerpt":{"rendered":"<p>Yumurtal\u0131k( Over) Kanseri Nedir? Dokusunda pek \u00e7ok farkl\u0131 h\u00fccre bulunan yumurtal\u0131klar\u0131n ana yap\u0131s\u0131n\u0131 epitelyum h\u00fccreler olu\u015fturur. Epitel h\u00fccrelerde ya da embriyonik d\u00f6neme ait h\u00fccrelerde meydana gelen kontrols\u00fcz b\u00f6l\u00fcnme ve \u00e7o\u011falma sonucunda yumurtal\u0131k kanseri olu\u015fabilir. Daha \u00e7ok menopoz sonras\u0131 g\u00f6r\u00fclen yumurtal\u0131k kanserlerinin y\u00fczde 80\u2019i epitelyum dokuda olu\u015fur. 20 ya\u015f\u0131n alt\u0131nda g\u00f6r\u00fclen yumurtal\u0131k kanserlerinin y\u00fczde 60\u2019\u0131nda ise [&hellip;]<\/p>\n","protected":false},"author":1,"featured_media":0,"parent":0,"menu_order":0,"comment_status":"closed","ping_status":"closed","template":"","meta":{"footnotes":""},"class_list":["post-458","page","type-page","status-publish","hentry"],"_links":{"self":[{"href":"https:\/\/profdrahmetkale.com\/index.php\/wp-json\/wp\/v2\/pages\/458","targetHints":{"allow":["GET"]}}],"collection":[{"href":"https:\/\/profdrahmetkale.com\/index.php\/wp-json\/wp\/v2\/pages"}],"about":[{"href":"https:\/\/profdrahmetkale.com\/index.php\/wp-json\/wp\/v2\/types\/page"}],"author":[{"embeddable":true,"href":"https:\/\/profdrahmetkale.com\/index.php\/wp-json\/wp\/v2\/users\/1"}],"replies":[{"embeddable":true,"href":"https:\/\/profdrahmetkale.com\/index.php\/wp-json\/wp\/v2\/comments?post=458"}],"version-history":[{"count":1,"href":"https:\/\/profdrahmetkale.com\/index.php\/wp-json\/wp\/v2\/pages\/458\/revisions"}],"predecessor-version":[{"id":459,"href":"https:\/\/profdrahmetkale.com\/index.php\/wp-json\/wp\/v2\/pages\/458\/revisions\/459"}],"wp:attachment":[{"href":"https:\/\/profdrahmetkale.com\/index.php\/wp-json\/wp\/v2\/media?parent=458"}],"curies":[{"name":"wp","href":"https:\/\/api.w.org\/{rel}","templated":true}]}}