{"id":454,"date":"2022-04-10T22:47:45","date_gmt":"2022-04-10T22:47:45","guid":{"rendered":"https:\/\/demo.profdrahmetkale.com\/?page_id=454"},"modified":"2022-04-10T22:47:45","modified_gmt":"2022-04-10T22:47:45","slug":"vajinal-yoldan-laparoskopik-histerektomi","status":"publish","type":"page","link":"https:\/\/profdrahmetkale.com\/index.php\/vajinal-yoldan-laparoskopik-histerektomi\/","title":{"rendered":"Vajinal Yoldan Laparoskopik Histerektomi"},"content":{"rendered":"<div class=\"wpb_text_column wpb_content_element \">\n<div class=\"wpb_wrapper\">\n<p style=\"text-align: justify;\">Rahmin vajinal yoldan yap\u0131lan bir operasyon ile al\u0131nmas\u0131 i\u015flemidir. Bu ameliyatta kar\u0131nda kesik olmaz, kesi vajinan\u0131n i\u00e7inden yap\u0131l\u0131r. Bu i\u015flem s\u0131ras\u0131nda uygun vakalarda t\u00fcpler ve yumurtal\u0131klar da al\u0131nabilir.<br \/>\nBu operasyon tekni\u011fi: rahim \u00e7ok b\u00fcy\u00fck de\u011fil ise, kanser veya kanser \u015f\u00fcphesi yok ise; rahimde, mesanede sarkma var ise tercih edilebilir.<br \/>\nBu ameliyat tekni\u011finde komplikasyonlar daha az g\u00f6r\u00fclmekte, hastanede kal\u0131\u015f s\u00fcresi daha k\u0131sa olmaktad\u0131r.<\/p>\n<\/div>\n<\/div>\n<div class=\"vc_separator vc_text_separator vc_separator_align_left vc_sep_width_100 vc_sep_pos_align_center\" style=\"text-align: justify;\">\n<h4>Vajinal histerektomi yap\u0131lma nedenleri<\/h4>\n<\/div>\n<div class=\"wpb_text_column wpb_content_element \" style=\"text-align: justify;\">\n<div class=\"wpb_wrapper\">\n<p>Bir dizi de\u011fi\u015fik nedenle histerektomi (rahmin al\u0131nmas\u0131) operasyonu \u00f6nerilebilir. Baz\u0131 durumlarda tek \u00e7\u00f6z\u00fcm rahmin al\u0131nmas\u0131 olmayabilir, de\u011fi\u015fik alternatif tedavi se\u00e7enekleri s\u00f6z konusu olabilir. Bu konuyu doktorunuzla g\u00f6r\u00fc\u015fmeniz gerekir. Ba\u015fl\u0131ca ameliyat nedenleri a\u015fa\u011f\u0131da s\u0131ralanm\u0131\u015ft\u0131r:<\/p>\n<p>Anormal kanamalar: menoraji ad\u0131 verilen a\u015f\u0131r\u0131 kanamalar neticesinde kans\u0131zl\u0131k geli\u015febilir, ki\u015fi kendisini yorgun hissedebilir ve bu durumlar i\u015f ve g\u00fc\u00e7 kayb\u0131na neden olurlar. Yedi g\u00fcn\u00fc ge\u00e7en veya bir ka\u00e7 saat i\u00e7inde bir peti dolduran kanamalar menoraji olarak tan\u0131mlanabilir. Normal adet periyotlar\u0131 d\u0131\u015f\u0131nda olu\u015fan kanamalar genellikle metroraji olarak tan\u0131mlan\u0131r.<\/p>\n<p>Menoraji veya metroraji \u015feklindeki kanamalar \u00f6ncelikle ila\u00e7lar ile tedavi edilmeye \u00e7al\u0131\u015f\u0131l\u0131r. Fakat bu yakla\u015f\u0131mlar ba\u015far\u0131s\u0131z kald\u0131\u011f\u0131nda ameliyat g\u00fcndeme gelebilir.<\/p>\n<p>Miyomlar (fibroid, leiomyom ) :Rahim kas\u0131ndan k\u00f6ken alan iyi huylu yumrulard\u0131r. Gebelik s\u0131ras\u0131nda b\u00fcy\u00fcyebilen bu t\u00fcm\u00f6rler genellikle menopoz sonras\u0131 k\u00fc\u00e7\u00fcl\u00fcrler. Yerle\u015fim yerlerine ba\u011fl\u0131 olarak a\u015f\u0131r\u0131 kanamalara neden olabilirler.<\/p>\n<p>Rahim a\u011fz\u0131na ait problemler: Rahim a\u011fz\u0131nda geli\u015fen ve di\u011fer tedavi yakla\u015f\u0131mlar\u0131na (konizasyon, laser, kriyo vs) cevap vermeyen CIN 3 gibi lezyonlar\u0131n varl\u0131\u011f\u0131nda histerektomi gerekebilir.<\/p>\n<p>Endometrial hiperplazi: Rahmin i\u00e7ini kaplayan endometrium dokusunun a\u015f\u0131r\u0131 geli\u015fmesi bir ba\u015fka deyi\u015fle kal\u0131nla\u015fmas\u0131 olarak tan\u0131mlanabilecek bu durum; uzun vadede kansere zemin haz\u0131rlayabilmektedir. \u0130la\u00e7 verilerek de kontrol edilebilen bu durumda bazen ameliyat gerekebilmektedir. Ameliyat gerekip gerekmedi\u011fini doktorunuz size s\u00f6yleyecektir.<\/p>\n<p>Kronik pelvik a\u011fr\u0131: Le\u011fen kemi\u011fi i\u00e7inde hissedilen a\u011fr\u0131 anlam\u0131na gelen bu durum kad\u0131n \u00fcreme organlar\u0131n\u0131 ilgilendiren problemlerden ( \u00f6rne\u011fin endometriozis) kaynaklanabilece\u011fi gibi mide ba\u011f\u0131rsak sistemi ile ilgili problemlerden de kaynaklanabilir. A\u011fr\u0131n\u0131n nereden kaynakland\u0131\u011f\u0131 ve ameliyattan fayda g\u00f6r\u00fcp g\u00f6rmeyece\u011fi konusunda doktorunuz karar verecektir.<\/p>\n<\/div>\n<\/div>\n<div class=\"vc_separator vc_text_separator vc_separator_align_left vc_sep_width_100 vc_sep_pos_align_center\" style=\"text-align: justify;\">\n<h4>Ameliyat \u00f6ncesi de\u011ferlendirme ve planlama<\/h4>\n<\/div>\n<div class=\"wpb_text_column wpb_content_element \" style=\"text-align: justify;\">\n<div class=\"wpb_wrapper\">\n<p style=\"text-align: left;\">Ameliyat \u00f6ncesi, i\u015flem s\u0131ras\u0131nda yumurtal\u0131klar\u0131n al\u0131n\u0131p al\u0131nmayaca\u011f\u0131 konusunda karar verilmelidir. Yumurtal\u0131klar\u0131n al\u0131n\u0131p al\u0131nmamas\u0131 karar\u0131 \u00e7e\u015fitli fakt\u00f6rlere g\u00f6re kararla\u015ft\u0131r\u0131l\u0131r. Bazen yap\u0131\u015f\u0131kl\u0131klar veya di\u011fer zorla\u015ft\u0131r\u0131c\u0131 fakt\u00f6rler nedeni ile yumurtal\u0131klar\u0131n al\u0131nmas\u0131 m\u00fcmk\u00fcn olmayabilir.<\/p>\n<p style=\"text-align: left;\">Menopoz \u00f6ncesi d\u00f6nemde olan kad\u0131nlar yumurtal\u0131klar\u0131n yerinde kalmas\u0131n\u0131 tercih edebilirler. B\u00f6ylece ameliyat sonras\u0131 d\u00f6nemde \u00a0\u00f6strojen, progesteron ve testosteron gibi hormonlar salg\u0131lanmaya devam eder. Bu hormonlar\u0131n salg\u0131lanmas\u0131 cinselli\u011fe olan ilginin devam\u0131, kemik erimesinin \u00f6nlenmesi, s\u0131cak basmalar\u0131n\u0131n olmamas\u0131 a\u00e7\u0131s\u0131ndan \u00f6nemlidir. \u00d6te yandan adet d\u00f6neminde art\u0131\u015f g\u00f6steren epilepsi, a\u011f\u0131r premenstruel sendrom gibi problemleri olan kad\u0131nlar, ameliyatta yumurtal\u0131klar\u0131n al\u0131nmas\u0131ndan fayda g\u00f6receklerdir. \u00c7\u00fcnk\u00fc d\u00fc\u015fecek olan hormon seviyeleri s\u00f6z konusu \u015fik\u00e2yetlerini azaltacakt\u0131r.<\/p>\n<p style=\"text-align: left;\">Menopoz sonras\u0131 d\u00f6nemde olan kad\u0131nlarda yumurtal\u0131klar\u0131n al\u0131nmas\u0131 genellikle tercih edilir. B\u00f6ylece ileriki ya\u015famlar\u0131nda yumurtal\u0131k kanseri ile kar\u015f\u0131la\u015fma riskleri olduk\u00e7a azalt\u0131lm\u0131\u015f olur.<\/p>\n<p style=\"text-align: left;\">\u00d6strojen tedavisi: Ameliyatta yumurtal\u0131klar\u0131 al\u0131nan menopoz \u00f6ncesi d\u00f6nemdeki kad\u0131nlara \u00f6strojen verilerek s\u0131cak basmalar\u0131, gece terlemeleri, kemik erimesi \u00f6nlenmeye \u00e7al\u0131\u015f\u0131l\u0131r. Bu tedavinin fayda ve risklerini ameliyat \u00f6ncesi d\u00f6nemde doktorunuzla konu\u015fmal\u0131s\u0131n\u0131z.<\/p>\n<p style=\"text-align: left;\">Menopoz \u00f6ncesi d\u00f6nemde olan ve yumurtal\u0131klar\u0131 yerinde b\u0131rak\u0131lan kad\u0131nlar daha sonraki bir d\u00f6nemde hormon seviyelerinin d\u00fc\u015fmesine ba\u011fl\u0131 olarak \u00f6strojen tedavisine ihtiya\u00e7 g\u00f6sterebilirler.<\/p>\n<p style=\"text-align: left;\">Menopoz sonras\u0131 d\u00f6nemde olan ve histerektomi ge\u00e7iren kad\u0131nlarda, ameliyat sonras\u0131 hormon tedavisi genellikle gerekli olmaz.<\/p>\n<\/div>\n<\/div>\n","protected":false},"excerpt":{"rendered":"<p>Rahmin vajinal yoldan yap\u0131lan bir operasyon ile al\u0131nmas\u0131 i\u015flemidir. Bu ameliyatta kar\u0131nda kesik olmaz, kesi vajinan\u0131n i\u00e7inden yap\u0131l\u0131r. Bu i\u015flem s\u0131ras\u0131nda uygun vakalarda t\u00fcpler ve yumurtal\u0131klar da al\u0131nabilir. Bu operasyon tekni\u011fi: rahim \u00e7ok b\u00fcy\u00fck de\u011fil ise, kanser veya kanser \u015f\u00fcphesi yok ise; rahimde, mesanede sarkma var ise tercih edilebilir. Bu ameliyat tekni\u011finde komplikasyonlar daha az [&hellip;]<\/p>\n","protected":false},"author":1,"featured_media":0,"parent":0,"menu_order":0,"comment_status":"closed","ping_status":"closed","template":"","meta":{"footnotes":""},"class_list":["post-454","page","type-page","status-publish","hentry"],"_links":{"self":[{"href":"https:\/\/profdrahmetkale.com\/index.php\/wp-json\/wp\/v2\/pages\/454","targetHints":{"allow":["GET"]}}],"collection":[{"href":"https:\/\/profdrahmetkale.com\/index.php\/wp-json\/wp\/v2\/pages"}],"about":[{"href":"https:\/\/profdrahmetkale.com\/index.php\/wp-json\/wp\/v2\/types\/page"}],"author":[{"embeddable":true,"href":"https:\/\/profdrahmetkale.com\/index.php\/wp-json\/wp\/v2\/users\/1"}],"replies":[{"embeddable":true,"href":"https:\/\/profdrahmetkale.com\/index.php\/wp-json\/wp\/v2\/comments?post=454"}],"version-history":[{"count":1,"href":"https:\/\/profdrahmetkale.com\/index.php\/wp-json\/wp\/v2\/pages\/454\/revisions"}],"predecessor-version":[{"id":455,"href":"https:\/\/profdrahmetkale.com\/index.php\/wp-json\/wp\/v2\/pages\/454\/revisions\/455"}],"wp:attachment":[{"href":"https:\/\/profdrahmetkale.com\/index.php\/wp-json\/wp\/v2\/media?parent=454"}],"curies":[{"name":"wp","href":"https:\/\/api.w.org\/{rel}","templated":true}]}}