{"id":450,"date":"2022-04-10T22:10:29","date_gmt":"2022-04-10T22:10:29","guid":{"rendered":"https:\/\/demo.profdrahmetkale.com\/?page_id=450"},"modified":"2022-04-10T22:10:29","modified_gmt":"2022-04-10T22:10:29","slug":"izsiz-tek-port-cerrahi","status":"publish","type":"page","link":"https:\/\/profdrahmetkale.com\/index.php\/izsiz-tek-port-cerrahi\/","title":{"rendered":"\u0130zsiz-Tek Port Cerrahi"},"content":{"rendered":"<div id=\"main\" class=\"column1 boxed\">\n<div class=\"container\">\n<div class=\"row main-content-wrap\">\n<div class=\"main-content col-lg-12\">\n<div id=\"content\" role=\"main\">\n<article class=\"post-593 page type-page status-publish hentry\">\n<div class=\"page-content\">\n<div class=\"vc_row wpb_row row\">\n<div class=\"vc_column_container col-md-12\">\n<div class=\"wpb_wrapper vc_column-inner\">\n<div class=\"vc_separator vc_text_separator vc_separator_align_left vc_sep_width_100 vc_sep_pos_align_center\">\n<h4 style=\"text-align: left;\">Tek Port Cerrahisi \u2013 \u0130zsiz Cerrahi<\/h4>\n<\/div>\n<div class=\"wpb_text_column wpb_content_element \" style=\"text-align: justify;\">\n<div class=\"wpb_wrapper\">\n<p>Operasyon ge\u00e7iren hemen her hasta ameliyat yeri izinin az olmas\u0131 ve iz kalmamas\u0131n\u0131 talep etmektedir. Ameliyat ne kadar ba\u015far\u0131l\u0131 olsa da ameliyat izi hastalar ile \u00f6m\u00fcr boyu kalmaktad\u0131r. Bu nedenle uzun y\u00fczy\u0131llard\u0131r cerrahlar yara yeri komplikasyonlar\u0131n\u0131 ve ameliyat izlerini azaltmak i\u00e7in s\u00fcrekli bir u\u011fra\u015f ve aray\u0131\u015f i\u00e7inde olmu\u015ftur.<\/p>\n<p>Halk aras\u0131nda \u201ckapal\u0131 ameliyat\u201d y\u00f6ntemi olarak bilinen \u201claparoskopik operasyonlar\u201c ilk \u00f6nerildi\u011finde teredd\u00fctle kar\u015f\u0131lansa bile bug\u00fcn jinekolojik operasyonlar\u0131n hemen tamam\u0131 laparoskopik olarak yap\u0131labilmektedir ve hasta i\u00e7in b\u00fcy\u00fck bir kesi yeri olmamas\u0131 a\u00e7\u0131s\u0131ndan \u00e7ok avantajl\u0131 bir giri\u015fimdir. Yak\u0131n zaman kadar hastalar\u0131m\u0131za daha az kesi yeri ve daha az ameliyat izi kalmas\u0131 i\u00e7in \u00f6nerdi\u011fimiz ameliyat y\u00f6ntemi klasik laparoskopik operasyonlard\u0131. Laparoskopik operasyonlarda hastan\u0131n karn\u0131na g\u00f6bekten bir kamera ve 2 veya 3 adet mikrocerrahi aletlerle girilerek hemen her t\u00fcr jinekolojik operasyonlar ger\u00e7ekle\u015ftirilebilmektedir. Fakat bu ameliyatlardan sonrada kar\u0131nda kullan\u0131lan cerrahi aletlerin say\u0131s\u0131na g\u00f6re 2 veya 3 ayr\u0131 noktada iz kalmaktad\u0131r<\/p>\n<p>2008 y\u0131l\u0131ndan sonra laparoskopik operasyonlar\u0131n kar\u0131ndan iz kalmayacak veya en az \u015fekilde iz kalacak \u015fekilde yap\u0131lmas\u0131 i\u00e7in sadece g\u00f6bek deli\u011finden kamera ve cerrahi aletlerin girilmesi ve t\u00fcm cerrahi i\u015flemlerin bu \u015fekilde yap\u0131lmas\u0131 \u00f6nerilmi\u015f ve hemen t\u00fcm cerrahi bran\u015flarda b\u00fcy\u00fck heyecanla kar\u015f\u0131lanm\u0131\u015ft\u0131r. Bu kapal\u0131 ameliyat y\u00f6ntemi \u201c tek delik cerrahisi \u201c veya \u201ctek port cerrahisi\u201d (Single port laparoskopi) olarak isimlendirilmi\u015ftir.<\/p>\n<p>Bug\u00fcn jinekolojik giri\u015fimlerinde tek delik cerrahisi ile yap\u0131labildi\u011fi bilinmektedir.<\/p>\n<\/div>\n<\/div>\n<div class=\"vc_separator vc_text_separator vc_separator_align_left vc_sep_width_100 vc_sep_pos_align_center\" style=\"text-align: justify;\">\n<h4>Tek Port Cerrahisi Nas\u0131l Yap\u0131lmaktad\u0131r?<\/h4>\n<\/div>\n<div class=\"wpb_text_column wpb_content_element \" style=\"text-align: justify;\">\n<div class=\"wpb_wrapper\">\n<p>Tek port cerrahisinde, g\u00f6bek deli\u011finden tek bir kesi (delik) a\u00e7\u0131l\u0131yor. Ameliyat, bu g\u00f6bek b\u00f6lgesindeki kesiden i\u00e7eri sokulan ve bu i\u015flemler i\u00e7in \u00f6zel olarak geli\u015ftirilmi\u015f laparoskopik cerrahi aletler yard\u0131m\u0131yla kapal\u0131 \u015fekilde yap\u0131l\u0131r. Tek port cerrahisinde ise, sadece g\u00f6bek b\u00f6lgesinde kesi s\u00f6z konusu oldu\u011fu i\u00e7in ameliyat sonras\u0131nda hastan\u0131n kar\u0131n b\u00f6lgesinde g\u00f6r\u00fclebilen kesi izi olmaz . Bu nedenle tek portla yap\u0131lan cerrahiye \u00b4izsiz cerrahi\u00b4 de denilmektedir.<\/p>\n<\/div>\n<\/div>\n<div class=\"vc_separator vc_text_separator vc_separator_align_left vc_sep_width_100 vc_sep_pos_align_center\" style=\"text-align: justify;\">\n<h4>Tek Port Cerrahisinin Di\u011fer Kapal\u0131 Ameliyatlara G\u00f6re Avantaj\u0131 Nelerdir?<\/h4>\n<\/div>\n<div class=\"wpb_text_column wpb_content_element \" style=\"text-align: justify;\">\n<div class=\"wpb_wrapper\">\n<p>Klasik laparoskopik yakla\u015f\u0131mda g\u00f6bekten hari\u00e7 2 ila 4 delik a\u00e7mak gerekirken tek delik cerrahisinde t\u00fcm i\u015flemler g\u00f6bekten a\u00e7\u0131lan tek delik ile ger\u00e7ekle\u015ftirilmekte ve kar\u0131nda do\u011fal bir a\u00e7\u0131kl\u0131k olu\u015fturan g\u00f6bek \u00e7ukuru i\u00e7inden i\u015flemler endoskopik aletler yard\u0131m\u0131yla yap\u0131lmaktad\u0131r. Uygulanan cerrahi giri\u015fimin teknik detaylar\u0131 a\u00e7\u0131s\u0131ndan bir fark yoktur.<br \/>\nHastalar a\u00e7\u0131s\u0131ndan kozmetik sonu\u00e7lar m\u00fckemmeldir. Hastalar\u0131n ge\u00e7irdikleri cerrahi i\u015flem sonras\u0131nda kar\u0131nlar\u0131nda hi\u00e7 iz kalmamakta sadece g\u00f6bek \u00e7ukuru i\u00e7inde bir fark edilmesi bile zor d\u00fczeyde k\u00fc\u00e7\u00fck bir miktar iz kalabilmektedir. Bu cerrahi i\u015flem sonras\u0131nda hastalar\u0131n hemen tamam\u0131 24 saat i\u00e7inde hastaneden taburcu edilmektedir.<\/p>\n<\/div>\n<\/div>\n<div class=\"vc_separator vc_text_separator vc_separator_align_left vc_sep_width_100 vc_sep_pos_align_center\" style=\"text-align: justify;\">\n<h4>Tek Port Cerrahisinin Hastalara Avantaj\u0131 Var m\u0131d\u0131r?<\/h4>\n<\/div>\n<div class=\"wpb_text_column wpb_content_element \" style=\"text-align: justify;\">\n<div class=\"wpb_wrapper\">\n<p>-Hastan\u0131n hastaneden erken taburcu olmas\u0131<br \/>\n-\u0130\u015fe ba\u015flama ve normal hayata d\u00f6nme s\u00fcresinin daha k\u0131sa olmas\u0131<br \/>\n-Kar\u0131nda ameliyat izi kalmamas\u0131<br \/>\n-Ayn\u0131 anda safra kesesi veya appendiks\u2019e veya kar\u0131n i\u00e7i di\u011fer organlara ortakla\u015fa giri\u015fim yap\u0131labilmesi.<br \/>\n-Tart\u0131\u015fmal\u0131 olmakla birlikte daha az a\u011fr\u0131 olmas\u0131.<br \/>\nD\u00fcnyada ve \u00fclkemizde tek delik cerrahisi hen\u00fcz daha \u00e7ok yeni olarak uygulanmaktad\u0131r. Tek Port Cerrahisi (single port laparoskopi, tek delik cerrahisi, izsiz cerrahi ) Prof. Dr. Polat Dursun taraf\u0131ndan ba\u015far\u0131 ile uygulanmaktad\u0131r.<\/p>\n<\/div>\n<\/div>\n<\/div>\n<\/div>\n<\/div>\n<\/div>\n<\/article>\n<div class=\"\" style=\"text-align: justify;\"><\/div>\n<\/div>\n<\/div>\n<\/div>\n<\/div>\n<\/div>\n<div class=\"footer-wrapper \">\n<div id=\"footer\" class=\"footer-3 show-ribbon\">\n<div class=\"footer-main\">\n<div class=\"container\" style=\"text-align: justify;\"><\/div>\n<\/div>\n<\/div>\n<\/div>\n","protected":false},"excerpt":{"rendered":"<p>Tek Port Cerrahisi \u2013 \u0130zsiz Cerrahi Operasyon ge\u00e7iren hemen her hasta ameliyat yeri izinin az olmas\u0131 ve iz kalmamas\u0131n\u0131 talep etmektedir. Ameliyat ne kadar ba\u015far\u0131l\u0131 olsa da ameliyat izi hastalar ile \u00f6m\u00fcr boyu kalmaktad\u0131r. Bu nedenle uzun y\u00fczy\u0131llard\u0131r cerrahlar yara yeri komplikasyonlar\u0131n\u0131 ve ameliyat izlerini azaltmak i\u00e7in s\u00fcrekli bir u\u011fra\u015f ve aray\u0131\u015f i\u00e7inde olmu\u015ftur. Halk [&hellip;]<\/p>\n","protected":false},"author":1,"featured_media":0,"parent":0,"menu_order":0,"comment_status":"closed","ping_status":"closed","template":"","meta":{"footnotes":""},"class_list":["post-450","page","type-page","status-publish","hentry"],"_links":{"self":[{"href":"https:\/\/profdrahmetkale.com\/index.php\/wp-json\/wp\/v2\/pages\/450","targetHints":{"allow":["GET"]}}],"collection":[{"href":"https:\/\/profdrahmetkale.com\/index.php\/wp-json\/wp\/v2\/pages"}],"about":[{"href":"https:\/\/profdrahmetkale.com\/index.php\/wp-json\/wp\/v2\/types\/page"}],"author":[{"embeddable":true,"href":"https:\/\/profdrahmetkale.com\/index.php\/wp-json\/wp\/v2\/users\/1"}],"replies":[{"embeddable":true,"href":"https:\/\/profdrahmetkale.com\/index.php\/wp-json\/wp\/v2\/comments?post=450"}],"version-history":[{"count":1,"href":"https:\/\/profdrahmetkale.com\/index.php\/wp-json\/wp\/v2\/pages\/450\/revisions"}],"predecessor-version":[{"id":451,"href":"https:\/\/profdrahmetkale.com\/index.php\/wp-json\/wp\/v2\/pages\/450\/revisions\/451"}],"wp:attachment":[{"href":"https:\/\/profdrahmetkale.com\/index.php\/wp-json\/wp\/v2\/media?parent=450"}],"curies":[{"name":"wp","href":"https:\/\/api.w.org\/{rel}","templated":true}]}}