{"id":446,"date":"2022-04-10T22:08:25","date_gmt":"2022-04-10T22:08:25","guid":{"rendered":"https:\/\/demo.profdrahmetkale.com\/?page_id=446"},"modified":"2022-04-10T22:08:25","modified_gmt":"2022-04-10T22:08:25","slug":"siyatik-sinir-endometriozisi","status":"publish","type":"page","link":"https:\/\/profdrahmetkale.com\/index.php\/siyatik-sinir-endometriozisi\/","title":{"rendered":"Siyatik Sinir Endometriozisi"},"content":{"rendered":"<p style=\"text-align: justify;\">Endometriosis t\u00fcm kad\u0131nlar aras\u0131nda %15 oran\u0131nda g\u00f6r\u00fclmektedir. Siyatik sinir endometriozisi ise siyatik siniri ve siyatik sinirin olu\u015fturdu\u011fu sakral sinir k\u00f6klerini tutan ve adet d\u00f6neminde \u015fiddetli aya\u011fa ve baca\u011fa vuran a\u011fr\u0131 ile karakterizedir. Tedavisi bu konuda neuropelvioloji e\u011fitim alm\u0131\u015f ki\u015filer taraf\u0131ndan laparoskopik veya robotik olarak yap\u0131lmal\u0131d\u0131r.<\/p>\n","protected":false},"excerpt":{"rendered":"<p>Endometriosis t\u00fcm kad\u0131nlar aras\u0131nda %15 oran\u0131nda g\u00f6r\u00fclmektedir. Siyatik sinir endometriozisi ise siyatik siniri ve siyatik sinirin olu\u015fturdu\u011fu sakral sinir k\u00f6klerini tutan ve adet d\u00f6neminde \u015fiddetli aya\u011fa ve baca\u011fa vuran a\u011fr\u0131 ile karakterizedir. Tedavisi bu konuda neuropelvioloji e\u011fitim alm\u0131\u015f ki\u015filer taraf\u0131ndan laparoskopik veya robotik olarak yap\u0131lmal\u0131d\u0131r.<\/p>\n","protected":false},"author":1,"featured_media":0,"parent":0,"menu_order":0,"comment_status":"closed","ping_status":"closed","template":"","meta":{"footnotes":""},"class_list":["post-446","page","type-page","status-publish","hentry"],"_links":{"self":[{"href":"https:\/\/profdrahmetkale.com\/index.php\/wp-json\/wp\/v2\/pages\/446","targetHints":{"allow":["GET"]}}],"collection":[{"href":"https:\/\/profdrahmetkale.com\/index.php\/wp-json\/wp\/v2\/pages"}],"about":[{"href":"https:\/\/profdrahmetkale.com\/index.php\/wp-json\/wp\/v2\/types\/page"}],"author":[{"embeddable":true,"href":"https:\/\/profdrahmetkale.com\/index.php\/wp-json\/wp\/v2\/users\/1"}],"replies":[{"embeddable":true,"href":"https:\/\/profdrahmetkale.com\/index.php\/wp-json\/wp\/v2\/comments?post=446"}],"version-history":[{"count":1,"href":"https:\/\/profdrahmetkale.com\/index.php\/wp-json\/wp\/v2\/pages\/446\/revisions"}],"predecessor-version":[{"id":447,"href":"https:\/\/profdrahmetkale.com\/index.php\/wp-json\/wp\/v2\/pages\/446\/revisions\/447"}],"wp:attachment":[{"href":"https:\/\/profdrahmetkale.com\/index.php\/wp-json\/wp\/v2\/media?parent=446"}],"curies":[{"name":"wp","href":"https:\/\/api.w.org\/{rel}","templated":true}]}}