{"id":443,"date":"2022-04-10T22:07:28","date_gmt":"2022-04-10T22:07:28","guid":{"rendered":"https:\/\/demo.profdrahmetkale.com\/?page_id=443"},"modified":"2022-04-10T22:07:28","modified_gmt":"2022-04-10T22:07:28","slug":"pudendal-sinir-sikismasi","status":"publish","type":"page","link":"https:\/\/profdrahmetkale.com\/index.php\/pudendal-sinir-sikismasi\/","title":{"rendered":"Pudendal Sinir S\u0131k\u0131\u015fmas\u0131"},"content":{"rendered":"<div class=\"vc_separator vc_text_separator vc_separator_align_left vc_sep_width_100 vc_sep_pos_align_center\">\n<h4 style=\"text-align: justify;\">Pudendal Sinir S\u0131k\u0131\u015fmas\u0131 (Alcock Kanal\u0131 Sendromu) Nedir?<\/h4>\n<\/div>\n<div class=\"wpb_text_column wpb_content_element \" style=\"text-align: justify;\">\n<div class=\"wpb_wrapper\">\n<p>Pudendal sinir s\u0131k\u0131\u015fmas\u0131 kronik pelvik a\u011fr\u0131n\u0131n az rastlanan ve tan\u0131s\u0131 zor konulan \u00f6nemli bir sebebidir. Alcock Kanal\u0131 Sendromu olarakta bilinir. Pudendal sinir s\u0131k\u0131\u015fmas\u0131, Pudendal sinirin anatomik izledi\u011fi yol i\u00e7inde s\u0131k\u0131\u015fmas\u0131 durumundan ortaya \u00e7\u0131kan patolojik \u00e7ok \u015fiddetli bir a\u011fr\u0131y\u0131 ifade etmektedir. \u00c7o\u011funlukla ba\u011flar\u0131n (Sakrospinoz ile Sakrotuber\u00f6z ligament) aras\u0131ndan ge\u00e7erken s\u0131k\u0131\u015fabilir, Pudendal kanal da denilen, Alcock Kanal\u0131 i\u00e7inden ge\u00e7erken s\u0131k\u0131\u015f\u0131rsa buna Alcock Kanal Sendromu denir.<\/p>\n<\/div>\n<\/div>\n<div class=\"vc_separator vc_text_separator vc_separator_align_left vc_sep_width_100 vc_sep_pos_align_center\" style=\"text-align: left;\">\n<h4>Pudendal Sinir S\u0131k\u0131\u015fmas\u0131 Tedavisi<\/h4>\n<\/div>\n<div class=\"wpb_text_column wpb_content_element \" style=\"text-align: justify;\">\n<div class=\"wpb_wrapper\">\n<p>Pudendal sinir kuyruk sokumunda bulunan omurga kemiklerinin aras\u0131ndaki le\u011fen kemi\u011finin i\u00e7indeki sinirlerin en b\u00fcy\u00fc\u011f\u00fcne verilen isimdir. Pudendal sinir s\u0131k\u0131\u015fmas\u0131 \u00e7ok nadir g\u00f6r\u00fclen ve net bir te\u015fhis konulamayan bir hastal\u0131kt\u0131r. Pudendal siniri s\u0131k\u0131\u015fmas\u0131 kad\u0131nlarda vajen ve klitoris b\u00f6lgesinde, erkelerde ise penis, testis torbas\u0131 ve an\u00fcs \u00e7evresinde ki a\u011fr\u0131larla kendini belirtir.<\/p>\n<\/div>\n<\/div>\n<div class=\"vc_separator vc_text_separator vc_separator_align_left vc_sep_width_100 vc_sep_pos_align_center\" style=\"text-align: left;\">\n<h4>Pudendal sinir s\u0131k\u0131\u015fmas\u0131 sebepleri<\/h4>\n<\/div>\n<div class=\"wpb_text_column wpb_content_element \" style=\"text-align: justify;\">\n<div class=\"wpb_wrapper\">\n<p style=\"text-align: left;\">A\u011f\u0131r spor yapanlar halter kald\u0131rma, a\u011f\u0131r y\u00fck ta\u015f\u0131ma, uzun s\u00fcreli a\u011f\u0131r bisiklet sporu sonucu sinirin \u00e7evresindeki kemiklerin eforum olmas\u0131, kemik uzant\u0131s\u0131 meydana gelmesi, ba\u011flarda kal\u0131nla\u015fma ve sertle\u015fmenin verdi\u011fi bask\u0131yla sinirlerde s\u0131k\u0131\u015fma meydana gelir.<\/p>\n<p style=\"text-align: left;\">Pudendal sinir s\u0131k\u0131\u015fmas\u0131 hastaya b\u00fcy\u00fck a\u011fr\u0131 verir hasta yatar durumdayken a\u011fr\u0131 nadir g\u00f6r\u00fcl\u00fcr fakat oturur durumdayken \u00e7ok \u015fiddetli a\u011fr\u0131lar\u0131 olur. G\u00fcn i\u00e7inde bu a\u011fr\u0131lar devam eder sandalye ye otururken ac\u0131 dayan\u0131lmaz olur. Tuvalette diz \u00fczerine \u00e7\u00f6melerek oturmak ve b\u00fcy\u00fck tuvaletini yaparken \u00e7ok ac\u0131 verir fakat klozete oturmak da fazla a\u011fr\u0131 hissedilmez. Hasta sabah uykuda uyan\u0131rken inan\u0131lmaz derecede a\u011fr\u0131 hisseder ve bu a\u011fr\u0131lar nedeniyle psikoloji bozulmas\u0131na sebep olur ve depresyon hareketler sergiler ac\u0131s\u0131n\u0131 ba\u011f\u0131rarak ve her harekete sinirlenerek belli eder.<\/p>\n<p style=\"text-align: left;\">Pudendal sinir s\u0131k\u0131\u015fmas\u0131na tan\u0131 konulmas\u0131 zordur \u00e7ekilen filmlerle EMR ile tan\u0131 konulsa da bu \u00e7ekimlerde kesin sonu\u00e7 \u00e7\u0131kmayabilir.<\/p>\n<\/div>\n<\/div>\n","protected":false},"excerpt":{"rendered":"<p>Pudendal Sinir S\u0131k\u0131\u015fmas\u0131 (Alcock Kanal\u0131 Sendromu) Nedir? Pudendal sinir s\u0131k\u0131\u015fmas\u0131 kronik pelvik a\u011fr\u0131n\u0131n az rastlanan ve tan\u0131s\u0131 zor konulan \u00f6nemli bir sebebidir. Alcock Kanal\u0131 Sendromu olarakta bilinir. Pudendal sinir s\u0131k\u0131\u015fmas\u0131, Pudendal sinirin anatomik izledi\u011fi yol i\u00e7inde s\u0131k\u0131\u015fmas\u0131 durumundan ortaya \u00e7\u0131kan patolojik \u00e7ok \u015fiddetli bir a\u011fr\u0131y\u0131 ifade etmektedir. \u00c7o\u011funlukla ba\u011flar\u0131n (Sakrospinoz ile Sakrotuber\u00f6z ligament) aras\u0131ndan ge\u00e7erken [&hellip;]<\/p>\n","protected":false},"author":1,"featured_media":0,"parent":0,"menu_order":0,"comment_status":"closed","ping_status":"closed","template":"","meta":{"footnotes":""},"class_list":["post-443","page","type-page","status-publish","hentry"],"_links":{"self":[{"href":"https:\/\/profdrahmetkale.com\/index.php\/wp-json\/wp\/v2\/pages\/443","targetHints":{"allow":["GET"]}}],"collection":[{"href":"https:\/\/profdrahmetkale.com\/index.php\/wp-json\/wp\/v2\/pages"}],"about":[{"href":"https:\/\/profdrahmetkale.com\/index.php\/wp-json\/wp\/v2\/types\/page"}],"author":[{"embeddable":true,"href":"https:\/\/profdrahmetkale.com\/index.php\/wp-json\/wp\/v2\/users\/1"}],"replies":[{"embeddable":true,"href":"https:\/\/profdrahmetkale.com\/index.php\/wp-json\/wp\/v2\/comments?post=443"}],"version-history":[{"count":2,"href":"https:\/\/profdrahmetkale.com\/index.php\/wp-json\/wp\/v2\/pages\/443\/revisions"}],"predecessor-version":[{"id":445,"href":"https:\/\/profdrahmetkale.com\/index.php\/wp-json\/wp\/v2\/pages\/443\/revisions\/445"}],"wp:attachment":[{"href":"https:\/\/profdrahmetkale.com\/index.php\/wp-json\/wp\/v2\/media?parent=443"}],"curies":[{"name":"wp","href":"https:\/\/api.w.org\/{rel}","templated":true}]}}