{"id":432,"date":"2022-04-10T21:57:51","date_gmt":"2022-04-10T21:57:51","guid":{"rendered":"https:\/\/demo.profdrahmetkale.com\/?page_id=432"},"modified":"2022-04-10T21:59:25","modified_gmt":"2022-04-10T21:59:25","slug":"endometriozis","status":"publish","type":"page","link":"https:\/\/profdrahmetkale.com\/index.php\/endometriozis\/","title":{"rendered":"Endometriozis"},"content":{"rendered":"<div class=\"vc_separator vc_text_separator vc_separator_align_left vc_sep_width_100 vc_sep_pos_align_center\">\n<h4 style=\"text-align: left;\">Endometriozis nedir?<\/h4>\n<\/div>\n<div class=\"wpb_text_column wpb_content_element \" style=\"text-align: justify;\">\n<div class=\"wpb_wrapper\">\n<p>Rahmin i\u00e7erisinde bir tabaka bulunur ve bu tabaka her adet d\u00f6neminde d\u00f6k\u00fclerek adet kanamas\u0131na neden olur. Bazen bu tabaka, \u00e7e\u015fitli nedenlerden dolay\u0131 rahmin d\u0131\u015f\u0131nda, \u00f6rne\u011fin yumurtal\u0131klarda, mesanede, ba\u011f\u0131rsaklar \u00fczerinde, b\u00f6brekte hatta beyin gibi organlarda bile geli\u015febilir. Bu tip anormal yerle\u015fimlerin ni\u00e7in oldu\u011fu tam a\u00e7\u0131klanamam\u0131\u015ft\u0131r. Ancak anatomik bozukluklar, ba\u011f\u0131\u015f\u0131kl\u0131k sisteminindeki aksakl\u0131klar veya hormonal fakt\u00f6rler \u00fczerinde durulmaktad\u0131r. Nedeni ne olursa olsun, genel olarak bu hastal\u0131\u011fa <strong>endometriozis<\/strong>\u00a0tan\u0131s\u0131 konulur.<\/p>\n<\/div>\n<\/div>\n<div class=\"vc_separator vc_text_separator vc_separator_align_left vc_sep_width_100 vc_sep_pos_align_center\" style=\"text-align: left;\">\n<h4>Endometriozis kimlerde daha s\u0131k g\u00f6r\u00fcl\u00fcr?<\/h4>\n<\/div>\n<div class=\"wpb_text_column wpb_content_element \" style=\"text-align: justify;\">\n<div class=\"wpb_wrapper\">\n<p>Endometriozis infertilite (k\u0131s\u0131rl\u0131k) \u015fikayeti olan kad\u0131nlar\u0131n yar\u0131s\u0131nda izlenebilece\u011fi gibi \u00e7ocuk sahibi olmu\u015f kad\u0131nlar\u0131n %20\u2019sinde de g\u00f6zlenmektedir. Daha \u00e7ok modern hayat\u0131n bir rahats\u0131zl\u0131\u011f\u0131 olarak bilinmektedir. Sosyo ekonomik seviyesi y\u00fcksek, \u015fehirli hayat\u0131 olan kad\u0131nlarda daha fazla izlenebilir. Co\u011frafi fakt\u00f6rler veya genetik yatk\u0131nl\u0131k da hastal\u0131\u011f\u0131n nedenleri aras\u0131nda olabilmektedir. Endometriozis infertiliteye neden olabilece\u011fi gibi \u00e7ocu\u011fu olmayan gen\u00e7 kad\u0131nlarda da izlenmektedir.<\/p>\n<\/div>\n<\/div>\n<div class=\"vc_separator vc_text_separator vc_separator_align_left vc_sep_width_100 vc_sep_pos_align_center\" style=\"text-align: left;\">\n<h4>Endometriozisin belirtileri neler?<\/h4>\n<\/div>\n<div class=\"wpb_text_column wpb_content_element \" style=\"text-align: justify;\">\n<div class=\"wpb_wrapper\">\n<p>Endometriozis bazen tamamiyle tesad\u00fcfen saptan\u0131r, yani \u015fikayet olmadan da geli\u015febilir. En fazla g\u00f6r\u00fclen \u015fikayet, sanc\u0131l\u0131 adet kanamas\u0131d\u0131r. Hatta hastalar bu d\u00f6nemlerden \u00e7ok korkarlar, a\u011fr\u0131y\u0131 dindirebilmek i\u00e7in acil servislere bile ba\u015fvurduklar\u0131 olmu\u015ftur. Bunun d\u0131\u015f\u0131nda adet d\u00fczensizli\u011fi, sanc\u0131l\u0131 b\u00fcy\u00fck abdeste \u00e7\u0131kma, bazen d\u0131\u015fk\u0131da kanama veya idrarda kan g\u00f6r\u00fclmesi olabilir. Akci\u011ferlere yerle\u015fti\u011fi zaman kanl\u0131 balgam \u00e7\u0131kartmaya yol a\u00e7abilir. Beyine yerle\u015fti\u011fi zaman epilepsiye yol a\u00e7t\u0131\u011f\u0131n\u0131 g\u00f6steren vaka takdimleri vard\u0131r. Endometriozis en s\u0131k yumurtal\u0131klara yerle\u015fir ve yumurtal\u0131larda\u00a0<strong>\u00e7ikolata kisti<\/strong>\u00a0dedi\u011fimiz kitlelere yol a\u00e7ar. \u00c7ikolata kisti durumlar\u0131nda kas\u0131k a\u011fr\u0131s\u0131, kab\u0131zl\u0131k veya cinsel ili\u015fki s\u0131ras\u0131nda a\u011fr\u0131ya neden olabilir. Baz\u0131 durumlarda infertilite \u015fikayeti ile gelen ve hi\u00e7bir semptom g\u00f6stermeyen kad\u0131nlarda da saptanabilir.<\/p>\n<\/div>\n<\/div>\n<div class=\"vc_separator vc_text_separator vc_separator_align_left vc_sep_width_100 vc_sep_pos_align_center\" style=\"text-align: left;\">\n<h4>Endometriozis belirtisi, di\u011fer adet a\u011fr\u0131lar\u0131ndan nas\u0131l ay\u0131rt edilir?<\/h4>\n<\/div>\n<div class=\"wpb_text_column wpb_content_element \" style=\"text-align: justify;\">\n<div class=\"wpb_wrapper\">\n<p>Endometriozisdeki kas\u0131k a\u011fr\u0131s\u0131 adet d\u00f6nemleriyle alakal\u0131d\u0131r. Sanc\u0131lar kanama ile ba\u015flar ve adet d\u00f6nemine devam eder, daha sonra kaybolur. Ba\u015fka bir deyi\u015fle a\u011fr\u0131lar her ay halinde mesai yaparlar.<\/p>\n<\/div>\n<\/div>\n<div class=\"vc_separator vc_text_separator vc_separator_align_left vc_sep_width_100 vc_sep_pos_align_center\" style=\"text-align: left;\">\n<h4>Endometriozis nas\u0131l te\u015fhis edilir?<\/h4>\n<\/div>\n<div class=\"wpb_text_column wpb_content_element \" style=\"text-align: justify;\">\n<div class=\"wpb_wrapper\">\n<p>Endometriozisin kesin tan\u0131s\u0131, lezyonu direkt olarak g\u00f6rd\u00fc\u011f\u00fcm\u00fczde koyulabilir. Bu da ancak laparoskopi dedi\u011fimiz y\u00f6ntemle olur. Yani bat\u0131n i\u00e7ersine endoskopik bir aletle girip rahmin \u00fcst k\u0131sm\u0131, yumurtal\u0131klar, ba\u011f\u0131rsaklar ve bunlar\u0131 \u00e7evreleyen zarlar direkt g\u00f6zlemlenerek endometriozis bulgular\u0131 saptan\u0131r. Bazen mum alevi gibi sar\u0131 renkte olur, bazen de m\u00fcrekkep renginde olabilir. Baz\u0131 durumlarda yumurtal\u0131klarda \u00e7ikolata kisti saptan\u0131r. Laporoskopi d\u0131\u015f\u0131nda ultrasonografi, jinekolojik muayene bulgular\u0131 ve kanda bak\u0131lacak Ca 125 adl\u0131 hormon seviyesi tan\u0131da yard\u0131mc\u0131 olur. Zor olgularda manyetik rezonans gibi ileri g\u00f6r\u00fcnt\u00fcleme y\u00f6ntemlerine ba\u015fvurulabilir.<\/p>\n<\/div>\n<\/div>\n<div class=\"vc_separator vc_text_separator vc_separator_align_left vc_sep_width_100 vc_sep_pos_align_center\" style=\"text-align: left;\">\n<h4>Endometriozis tedavisi nas\u0131l yap\u0131l\u0131yor?<\/h4>\n<\/div>\n<div class=\"wpb_text_column wpb_content_element \" style=\"text-align: justify;\">\n<div class=\"wpb_wrapper\">\n<p>Endometriozisde iki ana \u015fikayet vard\u0131r: Birincisi sanc\u0131l\u0131 adet g\u00f6rme, di\u011feri ise k\u0131s\u0131rl\u0131kt\u0131r. \u015eikayetin tipine g\u00f6re tedavi yolu farkl\u0131 olabilmektedir. \u00d6rne\u011fin sadece a\u011fr\u0131 \u015fikayeti olan kad\u0131nlara a\u011fr\u0131 kesiciler, hormonal ila\u00e7lar verilebilir veya daha a\u011f\u0131r olgularda cerrahi y\u00f6ntemler \u00f6nerilir. \u0130nfertilite \u015fikayeti olanlarda farkl\u0131 g\u00f6r\u00fc\u015fler olmakla beraber cerrahi y\u00f6ntem ile daha \u00e7ok laparoskopi tercih edilir, \u00e7ikolata kistlerinin \u00e7\u0131kar\u0131lmas\u0131 veya direk yumurtlamay\u0131 art\u0131c\u0131 tedavi veya t\u00fcp bebek \u00f6nerilir. Hastan\u0131n ya\u015f\u0131, evlilik s\u00fcresi, e\u015flik eden erkek fakt\u00f6r\u00fcn\u00fcn olmas\u0131 hangi tedavi y\u00f6nteminin se\u00e7ilece\u011finde \u00f6nemli rol oynamaktad\u0131rlar.<br \/>\nUnutmamak gerekir ki endometriyozis modern hayat \u015fartlar\u0131n\u0131n neden oldu\u011fu bir rahats\u0131zl\u0131kt\u0131r ve hayat \u015fartlar\u0131n\u0131 d\u00fczenlemek, \u00f6zellikle beslenme al\u0131\u015fkanl\u0131\u011f\u0131nda yap\u0131lacak de\u011fi\u015fiklikler hastal\u0131\u011f\u0131n ilerlemesini engelleyebilir.<br \/>\n\u00c7ocuk sahibi olan ve art\u0131k \u00fcretkenlik potansiyellerini d\u00fc\u015f\u00fcnmeyen daha ileri ya\u015fl\u0131 kad\u0131nlarda rahim ile yumurtal\u0131klar\u0131n al\u0131nmas\u0131 kesin tedavi y\u00f6ntemidir.<\/p>\n<\/div>\n<\/div>\n<div class=\"vc_separator vc_text_separator vc_separator_align_left vc_sep_width_100 vc_sep_pos_align_center\" style=\"text-align: left;\">\n<h4>Endometriozis ameliyat\u0131 sonras\u0131nda gebe kalma oran\u0131 nedir?<\/h4>\n<\/div>\n<div class=\"wpb_text_column wpb_content_element \" style=\"text-align: justify;\">\n<div class=\"wpb_wrapper\">\n<p>Endometriozisde operasyon sonras\u0131 gebe kalma olas\u0131l\u0131\u011f\u0131 cerrahi tekni\u011fe ve uygulamay\u0131 yapan hekimin tecr\u00fcbesine g\u00f6re de\u011fi\u015fmekle birlikte ilk y\u0131l i\u00e7erisinde %50\u2019ye varan gebe kalma \u015fans\u0131 vard\u0131r. Ancak \u00f6zellikle ilerlemi\u015f olgularda sadece cerrahi yeterli olmamakta cerrahi sonras\u0131 yumurtlamay\u0131 artt\u0131r\u0131c\u0131 tedavi veya direkt t\u00fcp bebek tedavisini \u00f6nermekteyiz. Endometriozisin nedeni tam anla\u015f\u0131lamad\u0131\u011f\u0131 i\u00e7in cerrahi sonras\u0131 n\u00fcksetme olas\u0131l\u0131\u011f\u0131 da 1. y\u0131ldan sonra %50\u2019ye varmaktad\u0131r. Bu y\u00fczden hastal\u0131\u011f\u0131n ilerlememesi i\u00e7in ya bask\u0131lay\u0131c\u0131 tedavi uygulamak gerekir ya da en k\u0131sa s\u00fcrede gebelik i\u00e7in uygun ko\u015fullar\u0131 olu\u015fturmak i\u00e7in tedavi vermek \u00f6nerilir.<\/p>\n<\/div>\n<\/div>\n<div class=\"vc_separator vc_text_separator vc_separator_align_left vc_sep_width_100 vc_sep_pos_align_center\" style=\"text-align: justify;\">\n<h4 style=\"text-align: left;\">Endometriozis tedavisinde ila\u00e7lar da kullan\u0131l\u0131yor mu?<\/h4>\n<\/div>\n<div class=\"wpb_text_column wpb_content_element \" style=\"text-align: justify;\">\n<div class=\"wpb_wrapper\">\n<p style=\"text-align: left;\">Yukar\u0131da bahsetti\u011fimiz gibi ila\u00e7 tedavisi hastal\u0131\u011f\u0131n ilerlemesini veya a\u011fr\u0131 gibi \u015fikayetlerin azalmas\u0131n\u0131 sa\u011flamak i\u00e7in kullan\u0131lmaktad\u0131r. \u0130la\u00e7 tedavisini kestikten sonra endometriyozise ba\u011fl\u0131 bulgular\u0131n tekrarlayaca\u011f\u0131n\u0131 g\u00f6z \u00f6n\u00fcne almak gerekir. \u0130la\u00e7 tedavisini daha \u00e7ok hen\u00fcz gen\u00e7lik \u00e7a\u011f\u0131nda olan kad\u0131nlar i\u00e7in \u00f6nermekteyiz. Kullan\u0131lan ila\u00e7lar\u0131n endometriyozisi tedavi edici \u00f6zelli\u011fi yan\u0131nda maalesef yan etkileri de olmakta hatta bazen tedaviyi yar\u0131da b\u0131rakmaya yol a\u00e7maktad\u0131r.<\/p>\n<\/div>\n<\/div>\n","protected":false},"excerpt":{"rendered":"<p>Endometriozis nedir? Rahmin i\u00e7erisinde bir tabaka bulunur ve bu tabaka her adet d\u00f6neminde d\u00f6k\u00fclerek adet kanamas\u0131na neden olur. Bazen bu tabaka, \u00e7e\u015fitli nedenlerden dolay\u0131 rahmin d\u0131\u015f\u0131nda, \u00f6rne\u011fin yumurtal\u0131klarda, mesanede, ba\u011f\u0131rsaklar \u00fczerinde, b\u00f6brekte hatta beyin gibi organlarda bile geli\u015febilir. Bu tip anormal yerle\u015fimlerin ni\u00e7in oldu\u011fu tam a\u00e7\u0131klanamam\u0131\u015ft\u0131r. Ancak anatomik bozukluklar, ba\u011f\u0131\u015f\u0131kl\u0131k sisteminindeki aksakl\u0131klar veya hormonal fakt\u00f6rler [&hellip;]<\/p>\n","protected":false},"author":1,"featured_media":0,"parent":0,"menu_order":0,"comment_status":"closed","ping_status":"closed","template":"","meta":{"footnotes":""},"class_list":["post-432","page","type-page","status-publish","hentry"],"_links":{"self":[{"href":"https:\/\/profdrahmetkale.com\/index.php\/wp-json\/wp\/v2\/pages\/432","targetHints":{"allow":["GET"]}}],"collection":[{"href":"https:\/\/profdrahmetkale.com\/index.php\/wp-json\/wp\/v2\/pages"}],"about":[{"href":"https:\/\/profdrahmetkale.com\/index.php\/wp-json\/wp\/v2\/types\/page"}],"author":[{"embeddable":true,"href":"https:\/\/profdrahmetkale.com\/index.php\/wp-json\/wp\/v2\/users\/1"}],"replies":[{"embeddable":true,"href":"https:\/\/profdrahmetkale.com\/index.php\/wp-json\/wp\/v2\/comments?post=432"}],"version-history":[{"count":3,"href":"https:\/\/profdrahmetkale.com\/index.php\/wp-json\/wp\/v2\/pages\/432\/revisions"}],"predecessor-version":[{"id":435,"href":"https:\/\/profdrahmetkale.com\/index.php\/wp-json\/wp\/v2\/pages\/432\/revisions\/435"}],"wp:attachment":[{"href":"https:\/\/profdrahmetkale.com\/index.php\/wp-json\/wp\/v2\/media?parent=432"}],"curies":[{"name":"wp","href":"https:\/\/api.w.org\/{rel}","templated":true}]}}