{"id":419,"date":"2022-04-09T21:06:30","date_gmt":"2022-04-09T21:06:30","guid":{"rendered":"https:\/\/demo.profdrahmetkale.com\/?page_id=419"},"modified":"2022-04-09T21:06:30","modified_gmt":"2022-04-09T21:06:30","slug":"sertifikalar-belgeler","status":"publish","type":"page","link":"https:\/\/profdrahmetkale.com\/index.php\/sertifikalar-belgeler\/","title":{"rendered":"Sertifikalar &#038; Belgeler"},"content":{"rendered":"<p>[vc_row wrap_container=&#8221;yes&#8221; el_class=&#8221;py-5&#8243;][vc_column][vc_row_inner][vc_column_inner offset=&#8221;vc_col-md-6&#8243;][vc_custom_heading text=&#8221;Sertifikalar&#8221; font_container=&#8221;tag:h4|text_align:left&#8221; use_theme_fonts=&#8221;yes&#8221;]<style>#porto-info-list192744137969e21307052a2 i { color: #e8465f;font-size: 14px; }<\/style><ul id=\"porto-info-list192744137969e21307052a2\" class=\"porto-info-list mb-4 pb-2\"><li class=\"porto-info-list-item\"><i class=\"porto-info-icon fas fa-check\"><\/i><div class=\"porto-info-list-item-desc\">\u2018\u2019THE INTERNATIONAL SOCIETY OF NEUROPELVEOLOGY LEVEL 1\u2019\u2019 sertifikas\u0131 Associate Professor; Ahmet Kale<\/div><\/li><li class=\"porto-info-list-item\"><i class=\"porto-info-icon fas fa-check\"><\/i><div class=\"porto-info-list-item-desc\">\u2018\u2019THE INTERNATIONAL SOCIETY OF NEUROPELVEOLOGY LEVEL 2 \u2019\u2019 sertifikas\u0131 Associate Professor; Ahmet Kale ( Level 2); LION Procedures &amp; Nerve Sparing Techniques\u2019\u2019<\/div><\/li><li class=\"porto-info-list-item\"><i class=\"porto-info-icon fas fa-check\"><\/i><div class=\"porto-info-list-item-desc\">ADVANCED RETROPERITONEAL ANATOMY OF THE PELVIS WITH FOCUS ON NEUROANATOMY AND COMPLICATION PREVENTION IN MINIMAL INVASIVE SURGERY IN ENDOMETRIOSIS , URUGYNECOLOGY AND ONCOLOGY SAINT LOUIS UNIVERSITY SCHOOL OF MEDICINE SERTIFIKASI, AHMET KALE , MD<\/div><\/li><\/ul>[\/vc_column_inner][vc_column_inner offset=&#8221;vc_col-md-6&#8243;][vc_custom_heading text=&#8221;Belgeler&#8221; font_container=&#8221;tag:h4|text_align:left&#8221; use_theme_fonts=&#8221;yes&#8221;]<style>#porto-info-list188055226669e21307056f8 i { color: #e8465f;font-size: 14px; }<\/style><ul id=\"porto-info-list188055226669e21307056f8\" class=\"porto-info-list mb-4 pb-2\"><li class=\"porto-info-list-item\"><i class=\"porto-info-icon fas fa-check\"><\/i><div class=\"porto-info-list-item-desc\">Kocaeli Kamu Hastaneleri Birli\u011fi Genel Sekreterli\u011fi Taraf\u0131ndan 25.Mart 2017 tarihinde d\u00fczenlenen \u2018\u2019Normal Do\u011fum ve Anne Dostu\u2019\u2019 Hastaneler Sempozyumunda Konu\u015fmac\u0131 Te\u015fekk\u00fcr Belgesi<\/div><\/li><li class=\"porto-info-list-item\"><i class=\"porto-info-icon fas fa-check\"><\/i><div class=\"porto-info-list-item-desc\">T\u00fcrkiyenin \u0130lk Anne Dostu E\u011fitim ve Ara\u015ft\u0131rma Hastanesi \u00dcnvan\u0131n\u0131 kazanan Derince E\u011fitim ve Ara\u015ft\u0131rma Hastanesi Kocaeli Kamu Hastaneleri Birli\u011fi Genel Sekreterli\u011fi taraf\u0131ndan verilen \u2018\u2019 Do\u011fum \u00dcnitesi Ekibi\u2019\u2019 Te\u015fekk\u00fcr Belgesi<\/div><\/li><\/ul>[\/vc_column_inner][\/vc_row_inner][\/vc_column][\/vc_row]<\/p>\n","protected":false},"excerpt":{"rendered":"<p>[vc_row wrap_container=&#8221;yes&#8221; el_class=&#8221;py-5&#8243;][vc_column][vc_row_inner][vc_column_inner offset=&#8221;vc_col-md-6&#8243;][vc_custom_heading text=&#8221;Sertifikalar&#8221; font_container=&#8221;tag:h4|text_align:left&#8221; use_theme_fonts=&#8221;yes&#8221;][\/vc_column_inner][vc_column_inner offset=&#8221;vc_col-md-6&#8243;][vc_custom_heading text=&#8221;Belgeler&#8221; font_container=&#8221;tag:h4|text_align:left&#8221; use_theme_fonts=&#8221;yes&#8221;][\/vc_column_inner][\/vc_row_inner][\/vc_column][\/vc_row]<\/p>\n","protected":false},"author":1,"featured_media":0,"parent":0,"menu_order":0,"comment_status":"closed","ping_status":"closed","template":"","meta":{"footnotes":""},"class_list":["post-419","page","type-page","status-publish","hentry"],"_links":{"self":[{"href":"https:\/\/profdrahmetkale.com\/index.php\/wp-json\/wp\/v2\/pages\/419","targetHints":{"allow":["GET"]}}],"collection":[{"href":"https:\/\/profdrahmetkale.com\/index.php\/wp-json\/wp\/v2\/pages"}],"about":[{"href":"https:\/\/profdrahmetkale.com\/index.php\/wp-json\/wp\/v2\/types\/page"}],"author":[{"embeddable":true,"href":"https:\/\/profdrahmetkale.com\/index.php\/wp-json\/wp\/v2\/users\/1"}],"replies":[{"embeddable":true,"href":"https:\/\/profdrahmetkale.com\/index.php\/wp-json\/wp\/v2\/comments?post=419"}],"version-history":[{"count":2,"href":"https:\/\/profdrahmetkale.com\/index.php\/wp-json\/wp\/v2\/pages\/419\/revisions"}],"predecessor-version":[{"id":422,"href":"https:\/\/profdrahmetkale.com\/index.php\/wp-json\/wp\/v2\/pages\/419\/revisions\/422"}],"wp:attachment":[{"href":"https:\/\/profdrahmetkale.com\/index.php\/wp-json\/wp\/v2\/media?parent=419"}],"curies":[{"name":"wp","href":"https:\/\/api.w.org\/{rel}","templated":true}]}}