{"id":2,"date":"2020-06-04T08:36:15","date_gmt":"2020-06-04T08:36:15","guid":{"rendered":"https:\/\/demo.profdrahmetkale.com\/?page_id=2"},"modified":"2022-04-11T19:41:26","modified_gmt":"2022-04-11T19:41:26","slug":"anasayfa","status":"publish","type":"page","link":"https:\/\/profdrahmetkale.com\/","title":{"rendered":"Anasayfa"},"content":{"rendered":"<p>[vc_row el_class=&#8221;position-relative z-index-2&#8243; css=&#8221;.vc_custom_1649677627226{margin-top: -150px !important;}&#8221;][vc_column][vc_row_inner animation_delay=&#8221;100&#8243; el_class=&#8221;background-color-light custom-icon-boxes py-5 justify-content-center no-padding mx-0&#8243; animation_type=&#8221;fadeInUp&#8221;][vc_column_inner el_class=&#8221;py-3&#8243; width=&#8221;1\/2&#8243; animation_delay=&#8221;300&#8243; offset=&#8221;vc_col-md-3&#8243; animation_type=&#8221;fadeInUp&#8221;]<div class=\"porto-sicon-box px-5 mb-0  wpb_custom_2094b936e1ae62a16cfbeed87b19cf5d style_1 top-icon\"><div class=\"porto-sicon-top\"><div class=\"porto-just-icon-wrapper porto-icon none\" style=\"font-size:32px;\"><i class=\"porto-icon-check-circle\"><\/i><\/div><\/div><div class=\"porto-sicon-header\"><h3 class=\"porto-sicon-title\" style=\"color:#183f72;\">Endometriozis<\/h3><\/div> <!-- header --><div class=\"porto-sicon-description\" style=\"\">Rahmin i\u00e7erisinde bir tabaka bulunur ve bu tabaka her adet d\u00f6neminde d\u00f6k\u00fclerek adet kanamas\u0131na neden olur.<a class=\"porto-sicon-read xx\" href=\"https:\/\/profdrahmetkale.com\/index.php\/endometriozis\/\" title='Endometriozis'>Devam\u0131n\u0131 Oku<span>&nbsp;&raquo;<\/span><\/a><\/div> <!-- description --><\/div><!-- porto-sicon-box -->[\/vc_column_inner][vc_column_inner el_class=&#8221;py-3&#8243; width=&#8221;1\/2&#8243; animation_delay=&#8221;500&#8243; offset=&#8221;vc_col-md-3&#8243; animation_type=&#8221;fadeInUp&#8221;]<div class=\"porto-sicon-box px-5 mb-0  wpb_custom_2094b936e1ae62a16cfbeed87b19cf5d style_1 top-icon\"><div class=\"porto-sicon-top\"><div class=\"porto-just-icon-wrapper porto-icon none\" style=\"font-size:32px;\"><i class=\"porto-icon-check-circle\"><\/i><\/div><\/div><div class=\"porto-sicon-header\"><h3 class=\"porto-sicon-title\" style=\"color:#183f72;\">Kronik Pelvik A\u011fr\u0131<\/h3><\/div> <!-- header --><div class=\"porto-sicon-description\" style=\"\">Kad\u0131nlarda kronik pelvik a\u011fr\u0131 alt\u0131 ay veya daha fazla bir s\u00fcre boyunca devam eden g\u00f6bek alt\u0131nda ve kal\u00e7a aras\u0131nda kalan alan pelvik<a class=\"porto-sicon-read xx\" href=\"https:\/\/profdrahmetkale.com\/index.php\/kronik-pelvik-agri\/\" title='Kronik Pelvik A\u011fr\u0131'>Devam\u0131n\u0131 Oku<span>&nbsp;&raquo;<\/span><\/a><\/div> <!-- description --><\/div><!-- porto-sicon-box -->[\/vc_column_inner][vc_column_inner el_class=&#8221;py-3&#8243; width=&#8221;1\/2&#8243; animation_delay=&#8221;700&#8243; offset=&#8221;vc_col-md-3&#8243; animation_type=&#8221;fadeInUp&#8221;]<div class=\"porto-sicon-box px-5 mb-0  wpb_custom_2094b936e1ae62a16cfbeed87b19cf5d style_1 top-icon\"><div class=\"porto-sicon-top\"><div class=\"porto-just-icon-wrapper porto-icon none\" style=\"font-size:32px;\"><i class=\"porto-icon-check-circle\"><\/i><\/div><\/div><div class=\"porto-sicon-header\"><h3 class=\"porto-sicon-title\" style=\"color:#183f72;\">Laparoskopik Jinekolojik Cerrahi<\/h3><\/div> <!-- header --><div class=\"porto-sicon-description\" style=\"\">Laparoskopi son 30 y\u0131ld\u0131r jinekolojide kullan\u0131lan a\u00e7\u0131k cerrahiye alternatif bir cerrahi y\u00f6ntemdir. Laparoskopide hastan\u0131n karn\u0131na bakmak<a class=\"porto-sicon-read xx\" href=\"https:\/\/profdrahmetkale.com\/index.php\/laparoskopik-jinekolojik-cerrahi\/\" title='Laparoskopik Jinekolojik Cerrahi'>Devam\u0131n\u0131 Oku<span>&nbsp;&raquo;<\/span><\/a><\/div> <!-- description --><\/div><!-- porto-sicon-box -->[\/vc_column_inner][vc_column_inner el_class=&#8221;py-3&#8243; width=&#8221;1\/2&#8243; offset=&#8221;vc_col-md-3&#8243;]<div class=\"porto-sicon-box px-5 mb-0  wpb_custom_2094b936e1ae62a16cfbeed87b19cf5d style_1 top-icon\"><div class=\"porto-sicon-top\"><div class=\"porto-just-icon-wrapper porto-icon none\" style=\"font-size:32px;\"><i class=\"porto-icon-check-circle\"><\/i><\/div><\/div><div class=\"porto-sicon-header\"><h3 class=\"porto-sicon-title\" style=\"color:#183f72;\">Pudendal Sinir S\u0131k\u0131\u015fmas\u0131<\/h3><\/div> <!-- header --><div class=\"porto-sicon-description\" style=\"\">Pudendal sinir s\u0131k\u0131\u015fmas\u0131 kronik pelvik a\u011fr\u0131n\u0131n az rastlanan ve tan\u0131s\u0131 zor konulan \u00f6nemli bir sebebidir. Alcock Kanal\u0131 Sendromu<a class=\"porto-sicon-read xx\" href=\"https:\/\/profdrahmetkale.com\/index.php\/pudendal-sinir-sikismasi\/\" title='Pudendal Sinir S\u0131k\u0131\u015fmas\u0131'>Devam\u0131n\u0131 Oku<span>&nbsp;&raquo;<\/span><\/a><\/div> <!-- description --><\/div><!-- porto-sicon-box -->[\/vc_column_inner][\/vc_row_inner][vc_row_inner animation_delay=&#8221;100&#8243; el_class=&#8221;background-color-light custom-icon-boxes py-5 justify-content-center no-padding mx-0&#8243; animation_type=&#8221;fadeInUp&#8221;][vc_column_inner el_class=&#8221;py-3&#8243; width=&#8221;1\/2&#8243; animation_delay=&#8221;300&#8243; offset=&#8221;vc_col-md-3&#8243; animation_type=&#8221;fadeInUp&#8221;]<div class=\"porto-sicon-box px-5 mb-0  wpb_custom_2094b936e1ae62a16cfbeed87b19cf5d style_1 top-icon\"><div class=\"porto-sicon-top\"><div class=\"porto-just-icon-wrapper porto-icon none\" style=\"font-size:32px;\"><i class=\"porto-icon-check-circle\"><\/i><\/div><\/div><div class=\"porto-sicon-header\"><h3 class=\"porto-sicon-title\" style=\"color:#183f72;\">Siyatik Sinir Endometriozisi<\/h3><\/div> <!-- header --><div class=\"porto-sicon-description\" style=\"\">Endometriosis t\u00fcm kad\u0131nlar aras\u0131nda %15 oran\u0131nda g\u00f6r\u00fclmektedir. Siyatik sinir endometriozisi ise siyatik siniri ve siyatik sinirin olu\u015fturdu\u011fu<a class=\"porto-sicon-read xx\" href=\"https:\/\/profdrahmetkale.com\/index.php\/siyatik-sinir-endometriozisi\/\" title='Siyatik Sinir Endometriozisi'>Devam\u0131n\u0131 Oku<span>&nbsp;&raquo;<\/span><\/a><\/div> <!-- description --><\/div><!-- porto-sicon-box -->[\/vc_column_inner][vc_column_inner el_class=&#8221;py-3&#8243; width=&#8221;1\/2&#8243; animation_delay=&#8221;500&#8243; offset=&#8221;vc_col-md-3&#8243; animation_type=&#8221;fadeInUp&#8221;]<div class=\"porto-sicon-box px-5 mb-0  wpb_custom_2094b936e1ae62a16cfbeed87b19cf5d style_1 top-icon\"><div class=\"porto-sicon-top\"><div class=\"porto-just-icon-wrapper porto-icon none\" style=\"font-size:32px;\"><i class=\"porto-icon-check-circle\"><\/i><\/div><\/div><div class=\"porto-sicon-header\"><h3 class=\"porto-sicon-title\" style=\"color:#183f72;\">Sakral Sinir K\u00f6k\u00fc Endometriozisi<\/h3><\/div> <!-- header --><div class=\"porto-sicon-description\" style=\"\">Lorem ipsum dolor sit amet, consectetur adipiscing elit. Quisque rutrum pellentesque imperdiet. Nulla lacinia iaculis nulla<a class=\"porto-sicon-read xx\" href=\"https:\/\/profdrahmetkale.com\/index.php\/sakral-sinir-koku-endometriozisi\/\" title='Sakral Sinir K\u00f6k\u00fc Endometriozisi'>Devam\u0131n\u0131 Oku<span>&nbsp;&raquo;<\/span><\/a><\/div> <!-- description --><\/div><!-- porto-sicon-box -->[\/vc_column_inner][vc_column_inner el_class=&#8221;py-3&#8243; width=&#8221;1\/2&#8243; animation_delay=&#8221;700&#8243; offset=&#8221;vc_col-md-3&#8243; animation_type=&#8221;fadeInUp&#8221;]<div class=\"porto-sicon-box px-5 mb-0  wpb_custom_2094b936e1ae62a16cfbeed87b19cf5d style_1 top-icon\"><div class=\"porto-sicon-top\"><div class=\"porto-just-icon-wrapper porto-icon none\" style=\"font-size:32px;\"><i class=\"porto-icon-check-circle\"><\/i><\/div><\/div><div class=\"porto-sicon-header\"><h3 class=\"porto-sicon-title\" style=\"color:#183f72;\">\u0130zsiz-Tek Port Cerrahi<\/h3><\/div> <!-- header --><div class=\"porto-sicon-description\" style=\"\">Operasyon ge\u00e7iren hemen her hasta ameliyat yeri izinin az olmas\u0131 ve iz kalmamas\u0131n\u0131 talep etmektedir. Ameliyat ne kadar ba\u015far\u0131l\u0131 olsa<a class=\"porto-sicon-read xx\" href=\"https:\/\/profdrahmetkale.com\/index.php\/izsiz-tek-port-cerrahi\/\" title='\u0130zsiz-Tek Port Cerrahi'>Devam\u0131n\u0131 Oku<span>&nbsp;&raquo;<\/span><\/a><\/div> <!-- description --><\/div><!-- porto-sicon-box -->[\/vc_column_inner][vc_column_inner el_class=&#8221;py-3&#8243; width=&#8221;1\/2&#8243; offset=&#8221;vc_col-md-3&#8243;]<div class=\"porto-sicon-box px-5 mb-0  wpb_custom_2094b936e1ae62a16cfbeed87b19cf5d style_1 top-icon\"><div class=\"porto-sicon-top\"><div class=\"porto-just-icon-wrapper porto-icon none\" style=\"font-size:32px;\"><i class=\"porto-icon-check-circle\"><\/i><\/div><\/div><div class=\"porto-sicon-header\"><h3 class=\"porto-sicon-title\" style=\"color:#183f72;\">Vajinal Yoldan Laparoskopik Histerektomi<\/h3><\/div> <!-- header --><div class=\"porto-sicon-description\" style=\"\">Rahmin vajinal yoldan yap\u0131lan bir operasyon ile al\u0131nmas\u0131 i\u015flemidir. Bu ameliyatta kar\u0131nda kesik olmaz, kesi vajinan\u0131n i\u00e7inden yap\u0131l\u0131r<a class=\"porto-sicon-read xx\" href=\"https:\/\/profdrahmetkale.com\/index.php\/vajinal-yoldan-laparoskopik-histerektomi\/\" title='Vajinal Yoldan Laparoskopik Histerektomi'>Devam\u0131n\u0131 Oku<span>&nbsp;&raquo;<\/span><\/a><\/div> <!-- description --><\/div><!-- porto-sicon-box -->[\/vc_column_inner][\/vc_row_inner][vc_row_inner animation_delay=&#8221;100&#8243; el_class=&#8221;background-color-light custom-icon-boxes py-5 justify-content-center no-padding mx-0&#8243; animation_type=&#8221;fadeInUp&#8221;][vc_column_inner el_class=&#8221;py-3&#8243; width=&#8221;1\/2&#8243; animation_delay=&#8221;300&#8243; offset=&#8221;vc_col-md-3&#8243; animation_type=&#8221;fadeInUp&#8221;]<div class=\"porto-sicon-box px-5 mb-0  wpb_custom_2094b936e1ae62a16cfbeed87b19cf5d style_1 top-icon\"><div class=\"porto-sicon-top\"><div class=\"porto-just-icon-wrapper porto-icon none\" style=\"font-size:32px;\"><i class=\"porto-icon-check-circle\"><\/i><\/div><\/div><div class=\"porto-sicon-header\"><h3 class=\"porto-sicon-title\" style=\"color:#183f72;\">Endometrium Kanseri<\/h3><\/div> <!-- header --><div class=\"porto-sicon-description\" style=\"\">Endometriyum kanseri\u00a0 endometriyumdan (rahmin her adet d\u00f6neminde d\u00f6k\u00fclen i\u00e7 tabakas\u0131) kaynaklan\u0131r. Endometriyum kanseri<a class=\"porto-sicon-read xx\" href=\"https:\/\/profdrahmetkale.com\/index.php\/endometrium-kanseri\/\" title='Endometrium Kanseri'>Devam\u0131n\u0131 Oku<span>&nbsp;&raquo;<\/span><\/a><\/div> <!-- description --><\/div><!-- porto-sicon-box -->[\/vc_column_inner][vc_column_inner el_class=&#8221;py-3&#8243; width=&#8221;1\/2&#8243; animation_delay=&#8221;500&#8243; offset=&#8221;vc_col-md-3&#8243; animation_type=&#8221;fadeInUp&#8221;]<div class=\"porto-sicon-box px-5 mb-0  wpb_custom_2094b936e1ae62a16cfbeed87b19cf5d style_1 top-icon\"><div class=\"porto-sicon-top\"><div class=\"porto-just-icon-wrapper porto-icon none\" style=\"font-size:32px;\"><i class=\"porto-icon-check-circle\"><\/i><\/div><\/div><div class=\"porto-sicon-header\"><h3 class=\"porto-sicon-title\" style=\"color:#183f72;\">Yumurtal\u0131k Kanseri<\/h3><\/div> <!-- header --><div class=\"porto-sicon-description\" style=\"\">Dokusunda pek \u00e7ok farkl\u0131 h\u00fccre bulunan yumurtal\u0131klar\u0131n ana yap\u0131s\u0131n\u0131 epitelyum h\u00fccreler olu\u015fturur.\u00a0 Epitel h\u00fccrelerde ya da embriyonik<a class=\"porto-sicon-read xx\" href=\"https:\/\/profdrahmetkale.com\/index.php\/yumurtalik-kanseri\/\" title='Yumurtal\u0131k Kanseri'>Devam\u0131n\u0131 Oku<span>&nbsp;&raquo;<\/span><\/a><\/div> <!-- description --><\/div><!-- porto-sicon-box -->[\/vc_column_inner][vc_column_inner el_class=&#8221;py-3&#8243; width=&#8221;1\/2&#8243; animation_delay=&#8221;700&#8243; offset=&#8221;vc_col-md-3&#8243; animation_type=&#8221;fadeInUp&#8221;]<div class=\"porto-sicon-box px-5 mb-0  wpb_custom_2094b936e1ae62a16cfbeed87b19cf5d style_1 top-icon\"><div class=\"porto-sicon-top\"><div class=\"porto-just-icon-wrapper porto-icon none\" style=\"font-size:32px;\"><i class=\"porto-icon-check-circle\"><\/i><\/div><\/div><div class=\"porto-sicon-header\"><h3 class=\"porto-sicon-title\" style=\"color:#183f72;\">Rahim A\u011fz\u0131 Kanseri<\/h3><\/div> <!-- header --><div class=\"porto-sicon-description\" style=\"\">Rahim a\u011fz\u0131 kanseri\u00a0daha \u00e7ok geli\u015fmekte olan ve az geli\u015fmi\u015f \u00fclkelerde en s\u0131k g\u00f6r\u00fclen jinekolojik kanserdir. Her y\u0131l d\u00fcnyada 500 bin<a class=\"porto-sicon-read xx\" href=\"https:\/\/profdrahmetkale.com\/index.php\/rahim-agzi-kanseri\/\" title='Rahim A\u011fz\u0131 Kanseri'>Devam\u0131n\u0131 Oku<span>&nbsp;&raquo;<\/span><\/a><\/div> <!-- description --><\/div><!-- porto-sicon-box -->[\/vc_column_inner][vc_column_inner el_class=&#8221;py-3&#8243; width=&#8221;1\/2&#8243; offset=&#8221;vc_col-md-3&#8243;]<div class=\"porto-sicon-box px-5 mb-0  wpb_custom_2094b936e1ae62a16cfbeed87b19cf5d style_1 top-icon\"><div class=\"porto-sicon-top\"><div class=\"porto-just-icon-wrapper porto-icon none\" style=\"font-size:32px;\"><i class=\"porto-icon-check-circle\"><\/i><\/div><\/div><div class=\"porto-sicon-header\"><h3 class=\"porto-sicon-title\" style=\"color:#183f72;\">\u0130zsiz Kans\u0131z A\u011fr\u0131s\u0131z Kad\u0131n Ameliyat\u0131<\/h3><\/div> <!-- header --><div class=\"porto-sicon-description\" style=\"\">\u0130zsiz kans\u0131z rahim ameliyat\u0131 kad\u0131ndaki do\u011fal delikleri kullanarak kar\u0131n duvar\u0131nda hi\u00e7 bir ameliyat izi olmadan \u00f6zel aletler kullan\u0131larak vajinal yoldan<a class=\"porto-sicon-read xx\" href=\"https:\/\/profdrahmetkale.com\/index.php\/izsiz-kansiz-agrisiz-rahim-kist-ameliyati\/\" title='\u0130zsiz Kans\u0131z A\u011fr\u0131s\u0131z Rahim Kist Ameliyat\u0131'>Devam\u0131n\u0131 Oku<span>&nbsp;&raquo;<\/span><\/a><\/div> <!-- description --><\/div><!-- porto-sicon-box -->[\/vc_column_inner][\/vc_row_inner][\/vc_column][\/vc_row][vc_row content_placement=&#8221;middle&#8221; wrap_container=&#8221;yes&#8221; el_class=&#8221;background-color-quaternary section-angled-top-layer pb-5&#8243; css=&#8221;.vc_custom_1591415040162{padding-top: 70px !important;}&#8221;][vc_column][vc_custom_heading text=&#8221;Videolar&#8221; font_container=&#8221;tag:h5|text_align:left|line_height:1.6&#8243; use_theme_fonts=&#8221;yes&#8221; text_transform=&#8221;text-uppercase&#8221; font_weight=&#8221;600&#8243; skin=&#8221;primary&#8221; letter_spacing=&#8221;0&#8243; show_border=&#8221;yes&#8221; border_skin=&#8221;primary&#8221; border_type=&#8221;middle-border-reverse&#8221; border_size=&#8221;lg&#8221; animation_delay=&#8221;300&#8243; animation_type=&#8221;fadeInLeft&#8221; el_class=&#8221;mb-1&#8243;][\/vc_column][vc_column offset=&#8221;vc_col-lg-6 vc_col-md-6&#8243;][vc_custom_heading text=&#8221;Rahim A\u011fz\u0131 Kanseri&#8221; font_container=&#8221;tag:h2|font_size:2.2em|text_align:left|line_height:1.4&#8243; use_theme_fonts=&#8221;yes&#8221; skin=&#8221;secondary&#8221; animation_delay=&#8221;400&#8243; el_class=&#8221;mb-4&#8243; animation_type=&#8221;fadeInLeft&#8221;][vc_video link=&#8221;https:\/\/www.youtube.com\/watch?v=QRi7oF6NBWs&#8221;][\/vc_column][vc_column offset=&#8221;vc_col-lg-6 vc_col-md-6&#8243;][vc_custom_heading text=&#8221;Kronik Pelvik A\u011fr\u0131&#8221; font_container=&#8221;tag:h2|font_size:2.2em|text_align:left|line_height:1.4&#8243; use_theme_fonts=&#8221;yes&#8221; skin=&#8221;secondary&#8221; animation_delay=&#8221;400&#8243; el_class=&#8221;mb-4&#8243; animation_type=&#8221;fadeInLeft&#8221;][vc_video link=&#8221;https:\/\/www.youtube.com\/watch?v=qAYDPXspG2E&#8221;][\/vc_column][\/vc_row][vc_row wrap_container=&#8221;yes&#8221; el_class=&#8221;py-5 mt-3&#8243;][vc_column width=&#8221;1\/2&#8243;][vc_custom_heading text=&#8221;Prof. Dr. Ahmet Kale Hakk\u0131nda&#8221; font_container=&#8221;tag:h5|text_align:left|line_height:1.6&#8243; use_theme_fonts=&#8221;yes&#8221; text_transform=&#8221;text-uppercase&#8221; font_weight=&#8221;600&#8243; skin=&#8221;primary&#8221; letter_spacing=&#8221;0&#8243; show_border=&#8221;yes&#8221; border_skin=&#8221;primary&#8221; border_type=&#8221;middle-border-reverse&#8221; border_size=&#8221;lg&#8221; animation_delay=&#8221;300&#8243; animation_type=&#8221;fadeInLeft&#8221; el_class=&#8221;mb-1&#8243;][vc_custom_heading text=&#8221;Haberler&#8221; font_container=&#8221;tag:h2|font_size:2.2em|text_align:left|line_height:1.4&#8243; use_theme_fonts=&#8221;yes&#8221; skin=&#8221;secondary&#8221; animation_delay=&#8221;400&#8243; el_class=&#8221;mb-4&#8243; animation_type=&#8221;fadeInLeft&#8221;]<div id=\"porto-blog-4842\" class=\"porto-blog wpb_content_element  mb-0\" data-appear-animation=\"fadeInUp\" data-appear-animation-delay=\"500\">\t\t<div class=\"blog-posts posts-grid blog-posts-default\">\n\t\t\t<div class=\"posts-container row\">\n\t\t\n<article class=\"post post-grid col-md-12 post-title-simple post-206 post type-post status-publish format-standard has-post-thumbnail hentry category-basinda\">\n\t<div class=\"grid-box\">\n\t\t\t<div class=\"post-image single\">\n\t\t<div class=\"post-slideshow porto-carousel owl-carousel nav-inside nav-inside-center nav-style-2 show-nav-hover has-ccols ccols-1\" data-plugin-options='{\"nav\":true}'>\n\t\t\t\t\t\t\t\t\t\t\t<a href=\"https:\/\/profdrahmetkale.com\/index.php\/an-interview-with-john-doe\/\">\n\t\t\t\t\t\t\t\t<div class=\"img-thumbnail\">\n\t\t\t\t\t\t<img loading=\"lazy\" decoding=\"async\" width=\"463\" height=\"332\" src=\"https:\/\/profdrahmetkale.com\/wp-content\/uploads\/2020\/06\/599bf639eb10bb2bd0c2c598-463x332-1.jpeg\" class=\"owl-lazy img-responsive\" alt=\"\" srcset=\"https:\/\/profdrahmetkale.com\/wp-content\/uploads\/2020\/06\/599bf639eb10bb2bd0c2c598-463x332-1.jpeg 463w, https:\/\/profdrahmetkale.com\/wp-content\/uploads\/2020\/06\/599bf639eb10bb2bd0c2c598-463x332-1-400x287.jpeg 400w, https:\/\/profdrahmetkale.com\/wp-content\/uploads\/2020\/06\/599bf639eb10bb2bd0c2c598-463x332-1-367x263.jpeg 367w\" sizes=\"auto, (max-width: 463px) 100vw, 463px\" \/>\t\t\t\t\t\t\t\t\t\t\t<\/div>\n\t\t\t\t\t\t\t\t<\/a>\n\t\t\t\t\t\t\t\t<\/div>\n\t\t\n\t\t\t<\/div>\n\n\t\t<!-- Post meta before content -->\n\t\t<div class=\"post-meta\"><span class=\"meta-date\"><i class=\"far fa-calendar-alt\"><\/i>Haziran 8, 2020<\/span><\/div><div class=\"post-meta\"><span class=\"meta-author\"><i class=\"far fa-user\"><\/i>Taraf\u0131ndan <a href=\"https:\/\/profdrahmetkale.com\/index.php\/author\/erkamyurt_6lqcw7lw\/\" title=\"admin taraf\u0131ndan yaz\u0131lan yaz\u0131lar\" rel=\"author\">admin<\/a><\/span><span class=\"meta-comments\"><i class=\"far fa-comments\"><\/i><a href=\"https:\/\/profdrahmetkale.com\/index.php\/an-interview-with-john-doe\/#respond\" title=\"Prof. Dr. Kale, T\u00fcrkiye\u2019de ilk \u2018N\u00f6ropelviolog\u2019 oldu yorumunda yorum var\">0 Yorumlar<\/a><\/span><\/div>\t\t<div class=\"post-content\">\n\n\t\t\t<h4 class=\"entry-title\"><a href=\"https:\/\/profdrahmetkale.com\/index.php\/an-interview-with-john-doe\/\">Prof. Dr. Kale, T\u00fcrkiye\u2019de ilk \u2018N\u00f6ropelviolog\u2019 oldu<\/a><\/h4>\n\t\t\t<span class=\"vcard\" style=\"display: none;\"><span class=\"fn\"><a href=\"https:\/\/profdrahmetkale.com\/index.php\/author\/erkamyurt_6lqcw7lw\/\" title=\"admin taraf\u0131ndan yaz\u0131lan yaz\u0131lar\" rel=\"author\">admin<\/a><\/span><\/span><span class=\"updated\" style=\"display:none\">2022-04-09T21:21:53+00:00<\/span><p class=\"post-excerpt\">\r\n\r\n\r\n\r\n\r\nDER\u0130NCE (Kocaeli), (DHA) \u2013 KOCAEL\u0130 Derince E\u011fitim ve Ara\u015ft\u0131rma Hastanesi Kad\u0131n Hastal\u0131klar\u0131 ve Do\u011fum Klini\u011fi\u2019nde g\u00f6revli Prof. Dr. Ahmet Kale, Amerika ve Danimarka\u2019da ald\u0131\u011f\u0131 e\u011fitimlerin ard\u0131ndan d\u00fcnyada \u2018N\u00f6ropelviolog\u2019 \u00fcnvan\u0131 alan 9 ki\u015fiden biri oldu.\r\nDerince...<\/p>\t\t\t\t\t<\/div>\n\t\t<!-- Post meta after content -->\n\t\t\t\t<div class=\"clearfix\">\n\t\t\t<a class=\"btn btn-xs btn-default text-xs text-uppercase btn-readmore\" href=\"https:\/\/profdrahmetkale.com\/index.php\/an-interview-with-john-doe\/\">Daha fazla oku...<\/a>\n\t\t<\/div>\n\t<\/div>\n<\/article>\n\n\t\n\t\t\t<\/div>\n\t\t<\/div>\n\n\t\n\t\n\t<\/div>[\/vc_column][vc_column width=&#8221;1\/2&#8243;][vc_custom_heading text=&#8221;Prof. Dr. Ahmet Kale&#8217;ye Dan\u0131\u015f\u0131n&#8221; font_container=&#8221;tag:h5|text_align:left|line_height:1.6&#8243; use_theme_fonts=&#8221;yes&#8221; text_transform=&#8221;text-uppercase&#8221; font_weight=&#8221;600&#8243; skin=&#8221;primary&#8221; letter_spacing=&#8221;0&#8243; show_border=&#8221;yes&#8221; border_skin=&#8221;primary&#8221; border_type=&#8221;middle-border-reverse&#8221; border_size=&#8221;lg&#8221; animation_delay=&#8221;300&#8243; animation_type=&#8221;fadeInLeft&#8221; el_class=&#8221;mb-1&#8243;][vc_custom_heading text=&#8221;Sorular\u0131n\u0131z&#8221; font_container=&#8221;tag:h2|font_size:2.2em|text_align:left|line_height:1.4&#8243; use_theme_fonts=&#8221;yes&#8221; skin=&#8221;secondary&#8221; animation_delay=&#8221;400&#8243; el_class=&#8221;mb-4&#8243; animation_type=&#8221;fadeInLeft&#8221;]<div role=\"form\" class=\"wpcf7\" id=\"wpcf7-f399-o1\" lang=\"en-US\" dir=\"ltr\">\n<div class=\"screen-reader-response\"><p role=\"status\" aria-live=\"polite\" aria-atomic=\"true\"><\/p> <ul><\/ul><\/div>\n<form action=\"\/index.php\/wp-json\/wp\/v2\/pages\/2#wpcf7-f399-o1\" method=\"post\" class=\"wpcf7-form init\" novalidate=\"novalidate\" data-status=\"init\">\n<div style=\"display: none;\">\n<input type=\"hidden\" name=\"_wpcf7\" value=\"399\" \/>\n<input type=\"hidden\" name=\"_wpcf7_version\" value=\"5.5.6\" \/>\n<input type=\"hidden\" name=\"_wpcf7_locale\" value=\"en_US\" \/>\n<input type=\"hidden\" name=\"_wpcf7_unit_tag\" value=\"wpcf7-f399-o1\" \/>\n<input type=\"hidden\" name=\"_wpcf7_container_post\" value=\"0\" \/>\n<input type=\"hidden\" name=\"_wpcf7_posted_data_hash\" value=\"\" \/>\n<\/div>\n<div class=\"form-row row\">\n<div class=\"form-group col-lg-6\">\n    <span class=\"wpcf7-form-control-wrap your-name\"><input type=\"text\" name=\"your-name\" value=\"\" size=\"40\" class=\"wpcf7-form-control wpcf7-text wpcf7-validates-as-required form-control\" id=\"contact-name\" aria-required=\"true\" aria-invalid=\"false\" placeholder=\"Ad\u0131n\u0131z Soyad\u0131n\u0131z\" \/><\/span>\n<\/div>\n<div class=\"form-group col-lg-6\">\n    <span class=\"wpcf7-form-control-wrap your-email\"><input type=\"email\" name=\"your-email\" value=\"\" size=\"40\" class=\"wpcf7-form-control wpcf7-text wpcf7-email wpcf7-validates-as-required wpcf7-validates-as-email form-control\" id=\"contact-email\" aria-required=\"true\" aria-invalid=\"false\" placeholder=\"Email Adresiniz\" \/><\/span>\n<\/div>\n<\/div>\n<div class=\"form-group\">\n    <span class=\"wpcf7-form-control-wrap your-subject\"><input type=\"text\" name=\"your-subject\" value=\"\" size=\"40\" class=\"wpcf7-form-control wpcf7-text form-control\" id=\"contact-subject\" aria-invalid=\"false\" placeholder=\"Konu\" \/><\/span>\n<\/div>\n<div class=\"form-group\">\n    <span class=\"wpcf7-form-control-wrap your-message\"><textarea name=\"your-message\" cols=\"40\" rows=\"10\" class=\"wpcf7-form-control wpcf7-textarea form-control\" id=\"contact-message\" aria-invalid=\"false\" placeholder=\"Mesaj\u0131n\u0131z\"><\/textarea><\/span>\n<\/div>\n<div class=\"form-group\">\n    <input type=\"submit\" value=\"G\u00f6nder\" class=\"wpcf7-form-control has-spinner wpcf7-submit btn btn-modern btn-lg btn-primary\" \/>\n<\/div>\n<div class=\"wpcf7-response-output\" aria-hidden=\"true\"><\/div><\/form><\/div>[\/vc_column][\/vc_row]<\/p>\n","protected":false},"excerpt":{"rendered":"<p>[vc_row el_class=&#8221;position-relative z-index-2&#8243; css=&#8221;.vc_custom_1649677627226{margin-top: -150px !important;}&#8221;][vc_column][vc_row_inner animation_delay=&#8221;100&#8243; el_class=&#8221;background-color-light custom-icon-boxes py-5 justify-content-center no-padding mx-0&#8243; animation_type=&#8221;fadeInUp&#8221;][vc_column_inner el_class=&#8221;py-3&#8243; width=&#8221;1\/2&#8243; animation_delay=&#8221;300&#8243; offset=&#8221;vc_col-md-3&#8243; animation_type=&#8221;fadeInUp&#8221;][\/vc_column_inner][vc_column_inner el_class=&#8221;py-3&#8243; width=&#8221;1\/2&#8243; animation_delay=&#8221;500&#8243; offset=&#8221;vc_col-md-3&#8243; animation_type=&#8221;fadeInUp&#8221;][\/vc_column_inner][vc_column_inner el_class=&#8221;py-3&#8243; width=&#8221;1\/2&#8243; animation_delay=&#8221;700&#8243; offset=&#8221;vc_col-md-3&#8243; animation_type=&#8221;fadeInUp&#8221;][\/vc_column_inner][vc_column_inner el_class=&#8221;py-3&#8243; width=&#8221;1\/2&#8243; offset=&#8221;vc_col-md-3&#8243;][\/vc_column_inner][\/vc_row_inner][vc_row_inner animation_delay=&#8221;100&#8243; el_class=&#8221;background-color-light custom-icon-boxes py-5 justify-content-center no-padding mx-0&#8243; animation_type=&#8221;fadeInUp&#8221;][vc_column_inner el_class=&#8221;py-3&#8243; width=&#8221;1\/2&#8243; animation_delay=&#8221;300&#8243; offset=&#8221;vc_col-md-3&#8243; animation_type=&#8221;fadeInUp&#8221;][\/vc_column_inner][vc_column_inner el_class=&#8221;py-3&#8243; width=&#8221;1\/2&#8243; animation_delay=&#8221;500&#8243; offset=&#8221;vc_col-md-3&#8243; animation_type=&#8221;fadeInUp&#8221;][\/vc_column_inner][vc_column_inner el_class=&#8221;py-3&#8243; width=&#8221;1\/2&#8243; animation_delay=&#8221;700&#8243; offset=&#8221;vc_col-md-3&#8243; animation_type=&#8221;fadeInUp&#8221;][\/vc_column_inner][vc_column_inner [&hellip;]<\/p>\n","protected":false},"author":1,"featured_media":0,"parent":0,"menu_order":0,"comment_status":"closed","ping_status":"closed","template":"","meta":{"footnotes":""},"class_list":["post-2","page","type-page","status-publish","hentry"],"_links":{"self":[{"href":"https:\/\/profdrahmetkale.com\/index.php\/wp-json\/wp\/v2\/pages\/2","targetHints":{"allow":["GET"]}}],"collection":[{"href":"https:\/\/profdrahmetkale.com\/index.php\/wp-json\/wp\/v2\/pages"}],"about":[{"href":"https:\/\/profdrahmetkale.com\/index.php\/wp-json\/wp\/v2\/types\/page"}],"author":[{"embeddable":true,"href":"https:\/\/profdrahmetkale.com\/index.php\/wp-json\/wp\/v2\/users\/1"}],"replies":[{"embeddable":true,"href":"https:\/\/profdrahmetkale.com\/index.php\/wp-json\/wp\/v2\/comments?post=2"}],"version-history":[{"count":9,"href":"https:\/\/profdrahmetkale.com\/index.php\/wp-json\/wp\/v2\/pages\/2\/revisions"}],"predecessor-version":[{"id":502,"href":"https:\/\/profdrahmetkale.com\/index.php\/wp-json\/wp\/v2\/pages\/2\/revisions\/502"}],"wp:attachment":[{"href":"https:\/\/profdrahmetkale.com\/index.php\/wp-json\/wp\/v2\/media?parent=2"}],"curies":[{"name":"wp","href":"https:\/\/api.w.org\/{rel}","templated":true}]}}