{"id":179,"date":"2020-06-08T01:16:16","date_gmt":"2020-06-08T01:16:16","guid":{"rendered":"http:\/\/sw-themes.com\/porto_dummy\/business-consulting2\/?page_id=179"},"modified":"2022-11-03T05:33:57","modified_gmt":"2022-11-03T05:33:57","slug":"iletisim","status":"publish","type":"page","link":"https:\/\/profdrahmetkale.com\/index.php\/iletisim\/","title":{"rendered":"\u0130leti\u015fim"},"content":{"rendered":"<p>[vc_row wrap_container=&#8221;yes&#8221; el_class=&#8221;py-5&#8243; css=&#8221;.vc_custom_1591607686137{background-color: #fafafc !important;}&#8221;][vc_column][vc_row_inner animation_delay=&#8221;100&#8243; el_class=&#8221;no-padding mx-0 py-5 mb-3 background-color-light custom-icon-boxes justify-content-center box-shadow-1&#8243; animation_type=&#8221;fadeInUp&#8221;][vc_column_inner el_class=&#8221;my-4&#8243; width=&#8221;1\/2&#8243; offset=&#8221;vc_col-md-4&#8243;][vc_custom_heading text=&#8221;Adres&#8221; font_container=&#8221;tag:h3|font_size:1.5rem|text_align:center|line_height:1.2&#8243; use_theme_fonts=&#8221;yes&#8221; font_weight=&#8221;600&#8243; skin=&#8221;primary&#8221; el_class=&#8221;mb-4 px-5&#8243;][vc_column_text el_class=&#8221;mb-0 text-center px-5&#8243;]<\/p>\n<p class=\"text-color-secondary font-size-xl font-weight-bold mb-0\">Kartal Doktor L\u00fctf\u00fc K\u0131rdar E\u011fitim ve Ara\u015ft\u0131rma Hastanesi Kad\u0131n Do\u011fum Klini\u011fi<br \/>\nKlinik E\u011ft. ve \u0130dari Sorumlusu Kad\u0131n Hastal\u0131klar\u0131 ve Do\u011fum Klini\u011fi<\/p>\n<p>[\/vc_column_text][\/vc_column_inner][vc_column_inner el_class=&#8221;my-4&#8243; width=&#8221;1\/2&#8243; offset=&#8221;vc_col-md-4&#8243;][vc_custom_heading text=&#8221;Mail&#8221; font_container=&#8221;tag:h3|font_size:1.5rem|text_align:center|line_height:1.2&#8243; use_theme_fonts=&#8221;yes&#8221; font_weight=&#8221;600&#8243; skin=&#8221;primary&#8221; el_class=&#8221;mb-4 px-5&#8243;][vc_column_text el_class=&#8221;mb-0 px-5 text-center&#8221;]<\/p>\n<p class=\"text-color-secondary font-size-xl font-weight-bold pt-4 mb-0\">E-mail<\/p>\n<p class=\"mb-0\"><a class=\"text-default\" href=\"mailto:ahmetkale5@gmail.com\">ahmetkale5@gmail.com<\/a><\/p>\n<p class=\"mb-0\"><a class=\"text-default\" href=\"mailto:ahmetkale5@yahoo.com\">ahmetkale5@yahoo.com<\/a><\/p>\n<p>[\/vc_column_text][\/vc_column_inner][vc_column_inner el_class=&#8221;my-4&#8243; width=&#8221;1\/2&#8243; offset=&#8221;vc_col-md-4&#8243;][vc_custom_heading text=&#8221;Sosyal Medya&#8221; font_container=&#8221;tag:h3|font_size:1.5rem|text_align:center|line_height:1.2&#8243; use_theme_fonts=&#8221;yes&#8221; font_weight=&#8221;600&#8243; skin=&#8221;primary&#8221; el_class=&#8221;mb-4 pb-3 px-5&#8243;]<a class=\"porto-tooltip 69e74acab9fac\" href = \"https:\/\/www.instagram.com\/prof.dr.ahmetkale\/\"   ><div class=\"porto-just-icon-wrapper porto-icon advanced porto-icon-pos-center mb-2 font-weight-semibold\" style=\"color:#183f72;background:#dde2ea;width:36px;height:36px;line-height:36px;border-radius:18px;font-size:15px;\"><i class=\"fab fa-instagram\"><\/i><\/div><\/a>[\/vc_column_inner][\/vc_row_inner][\/vc_column][\/vc_row][vc_row wrap_container=&#8221;yes&#8221; el_class=&#8221;py-5&#8243;][vc_column][vc_custom_heading text=&#8221;Bize Dan\u0131\u015f\u0131n&#8221; font_container=&#8221;tag:h5|text_align:left|line_height:1.6&#8243; use_theme_fonts=&#8221;yes&#8221; text_transform=&#8221;text-uppercase&#8221; font_weight=&#8221;600&#8243; skin=&#8221;primary&#8221; letter_spacing=&#8221;0&#8243; show_border=&#8221;yes&#8221; border_skin=&#8221;primary&#8221; border_type=&#8221;middle-border-reverse&#8221; border_size=&#8221;lg&#8221; animation_delay=&#8221;100&#8243; animation_type=&#8221;fadeInLeft&#8221; el_class=&#8221;mb-1&#8243;][vc_custom_heading text=&#8221;Akl\u0131n\u0131zda olan sorular\u0131 bize rahatl\u0131kla ileti\u015fim b\u00f6l\u00fcm\u00fcnde bulunan form veya mail adresleri arac\u0131l\u0131\u011f\u0131 ile sorabilirsiniz.&#8221; font_container=&#8221;tag:p|text_align:left&#8221; use_theme_fonts=&#8221;yes&#8221; animation_delay=&#8221;400&#8243; el_class=&#8221;mb-4&#8243; animation_type=&#8221;fadeInLeft&#8221;]<div class=\"porto-animation\"  data-appear-animation=\"fadeIn\" data-appear-animation-delay=\"600\"><div role=\"form\" class=\"wpcf7\" id=\"wpcf7-f399-o1\" lang=\"en-US\" dir=\"ltr\">\n<div class=\"screen-reader-response\"><p role=\"status\" aria-live=\"polite\" aria-atomic=\"true\"><\/p> <ul><\/ul><\/div>\n<form action=\"\/index.php\/wp-json\/wp\/v2\/pages\/179#wpcf7-f399-o1\" method=\"post\" class=\"wpcf7-form init\" novalidate=\"novalidate\" data-status=\"init\">\n<div style=\"display: none;\">\n<input type=\"hidden\" name=\"_wpcf7\" value=\"399\" \/>\n<input type=\"hidden\" name=\"_wpcf7_version\" value=\"5.5.6\" \/>\n<input type=\"hidden\" name=\"_wpcf7_locale\" value=\"en_US\" \/>\n<input type=\"hidden\" name=\"_wpcf7_unit_tag\" value=\"wpcf7-f399-o1\" \/>\n<input type=\"hidden\" name=\"_wpcf7_container_post\" value=\"0\" \/>\n<input type=\"hidden\" name=\"_wpcf7_posted_data_hash\" value=\"\" \/>\n<\/div>\n<div class=\"form-row row\">\n<div class=\"form-group col-lg-6\">\n    <span class=\"wpcf7-form-control-wrap your-name\"><input type=\"text\" name=\"your-name\" value=\"\" size=\"40\" class=\"wpcf7-form-control wpcf7-text wpcf7-validates-as-required form-control\" id=\"contact-name\" aria-required=\"true\" aria-invalid=\"false\" placeholder=\"Ad\u0131n\u0131z Soyad\u0131n\u0131z\" \/><\/span>\n<\/div>\n<div class=\"form-group col-lg-6\">\n    <span class=\"wpcf7-form-control-wrap your-email\"><input type=\"email\" name=\"your-email\" value=\"\" size=\"40\" class=\"wpcf7-form-control wpcf7-text wpcf7-email wpcf7-validates-as-required wpcf7-validates-as-email form-control\" id=\"contact-email\" aria-required=\"true\" aria-invalid=\"false\" placeholder=\"Email Adresiniz\" \/><\/span>\n<\/div>\n<\/div>\n<div class=\"form-group\">\n    <span class=\"wpcf7-form-control-wrap your-subject\"><input type=\"text\" name=\"your-subject\" value=\"\" size=\"40\" class=\"wpcf7-form-control wpcf7-text form-control\" id=\"contact-subject\" aria-invalid=\"false\" placeholder=\"Konu\" \/><\/span>\n<\/div>\n<div class=\"form-group\">\n    <span class=\"wpcf7-form-control-wrap your-message\"><textarea name=\"your-message\" cols=\"40\" rows=\"10\" class=\"wpcf7-form-control wpcf7-textarea form-control\" id=\"contact-message\" aria-invalid=\"false\" placeholder=\"Mesaj\u0131n\u0131z\"><\/textarea><\/span>\n<\/div>\n<div class=\"form-group\">\n    <input type=\"submit\" value=\"G\u00f6nder\" class=\"wpcf7-form-control has-spinner wpcf7-submit btn btn-modern btn-lg btn-primary\" \/>\n<\/div>\n<div class=\"wpcf7-response-output\" aria-hidden=\"true\"><\/div><\/form><\/div><\/div>[\/vc_column][\/vc_row]<\/p>\n","protected":false},"excerpt":{"rendered":"<p>[vc_row wrap_container=&#8221;yes&#8221; el_class=&#8221;py-5&#8243; css=&#8221;.vc_custom_1591607686137{background-color: #fafafc !important;}&#8221;][vc_column][vc_row_inner animation_delay=&#8221;100&#8243; el_class=&#8221;no-padding mx-0 py-5 mb-3 background-color-light custom-icon-boxes justify-content-center box-shadow-1&#8243; animation_type=&#8221;fadeInUp&#8221;][vc_column_inner el_class=&#8221;my-4&#8243; width=&#8221;1\/2&#8243; offset=&#8221;vc_col-md-4&#8243;][vc_custom_heading text=&#8221;Adres&#8221; font_container=&#8221;tag:h3|font_size:1.5rem|text_align:center|line_height:1.2&#8243; use_theme_fonts=&#8221;yes&#8221; font_weight=&#8221;600&#8243; skin=&#8221;primary&#8221; el_class=&#8221;mb-4 px-5&#8243;][vc_column_text el_class=&#8221;mb-0 text-center px-5&#8243;] Kartal Doktor L\u00fctf\u00fc K\u0131rdar E\u011fitim ve Ara\u015ft\u0131rma Hastanesi Kad\u0131n Do\u011fum Klini\u011fi Klinik E\u011ft. ve \u0130dari Sorumlusu Kad\u0131n Hastal\u0131klar\u0131 ve Do\u011fum Klini\u011fi [\/vc_column_text][\/vc_column_inner][vc_column_inner el_class=&#8221;my-4&#8243; width=&#8221;1\/2&#8243; offset=&#8221;vc_col-md-4&#8243;][vc_custom_heading text=&#8221;Mail&#8221; [&hellip;]<\/p>\n","protected":false},"author":1,"featured_media":0,"parent":0,"menu_order":0,"comment_status":"closed","ping_status":"closed","template":"","meta":{"footnotes":""},"class_list":["post-179","page","type-page","status-publish","hentry"],"_links":{"self":[{"href":"https:\/\/profdrahmetkale.com\/index.php\/wp-json\/wp\/v2\/pages\/179","targetHints":{"allow":["GET"]}}],"collection":[{"href":"https:\/\/profdrahmetkale.com\/index.php\/wp-json\/wp\/v2\/pages"}],"about":[{"href":"https:\/\/profdrahmetkale.com\/index.php\/wp-json\/wp\/v2\/types\/page"}],"author":[{"embeddable":true,"href":"https:\/\/profdrahmetkale.com\/index.php\/wp-json\/wp\/v2\/users\/1"}],"replies":[{"embeddable":true,"href":"https:\/\/profdrahmetkale.com\/index.php\/wp-json\/wp\/v2\/comments?post=179"}],"version-history":[{"count":5,"href":"https:\/\/profdrahmetkale.com\/index.php\/wp-json\/wp\/v2\/pages\/179\/revisions"}],"predecessor-version":[{"id":504,"href":"https:\/\/profdrahmetkale.com\/index.php\/wp-json\/wp\/v2\/pages\/179\/revisions\/504"}],"wp:attachment":[{"href":"https:\/\/profdrahmetkale.com\/index.php\/wp-json\/wp\/v2\/media?parent=179"}],"curies":[{"name":"wp","href":"https:\/\/api.w.org\/{rel}","templated":true}]}}